{"id":3953,"date":"2026-01-12T12:01:33","date_gmt":"2026-01-12T11:01:33","guid":{"rendered":"https:\/\/staging.topstar-werksverkauf.de\/?page_id=3953"},"modified":"2026-02-18T06:41:15","modified_gmt":"2026-02-18T05:41:15","slug":"mentions-legales","status":"publish","type":"page","link":"https:\/\/www.topstar-werksverkauf.de\/fr\/mentions-legales\/","title":{"rendered":"Mentions l\u00e9gales"},"content":{"rendered":"\t\t<div data-elementor-type=\"wp-page\" data-elementor-id=\"3953\" class=\"elementor elementor-3953 elementor-2042\" data-elementor-post-type=\"page\">\n\t\t\t\t\t\t<section class=\"elementor-section elementor-top-section elementor-element elementor-element-f191014 elementor-section-boxed elementor-section-height-default elementor-section-height-default\" data-id=\"f191014\" data-element_type=\"section\" data-e-type=\"section\">\n\t\t\t\t\t\t<div class=\"elementor-container elementor-column-gap-default\">\n\t\t\t\t\t<div class=\"elementor-column elementor-col-100 elementor-top-column elementor-element elementor-element-6151564\" data-id=\"6151564\" data-element_type=\"column\" data-e-type=\"column\">\n\t\t\t<div class=\"elementor-widget-wrap elementor-element-populated\">\n\t\t\t\t\t\t<div class=\"elementor-element elementor-element-6a56b9b elementor-widget elementor-widget-kd-text\" data-id=\"6a56b9b\" data-element_type=\"widget\" data-e-type=\"widget\" data-widget_type=\"kd-text.default\">\n\t\t\t\t<div class=\"elementor-widget-container\">\n\t\t\t\t\t\n\n<!-- Widget Start -->\n\n<div class=\"max-w-ts-content mx-auto px-4  mt-6 lg:mt-9 mb-6 lg:mb-9\">\n    <h2 class=\" text-black h1\">Mentions l\u00e9gales<\/h2>            <p>\u00a0<\/p><div><p><strong>Fournisseur conform\u00e9ment \u00e0 l\u2019article 5 DDG<\/strong><\/p><p>TOPSTAR GmbH<br \/>Augsburger Str. 29<br \/>D-86863 Langenneufnach<br \/>ALLEMAGNE<\/p><p>\u00a0<\/p><p><strong>Directeurs g\u00e9n\u00e9raux<\/strong><br \/>Michael Wagner<br \/>Prof. Dr. Rainer Maria Wagner<br \/>Thorsten Reimer<\/p><p>\u00a0<\/p><p>Num\u00e9ro de TVA intracommunautaire : DE 127 500 144<br \/>Tribunal d\u2019instance d\u2019Augsbourg<br \/>Registre du commerce HR-B n\u00b0 7087<\/p><p>T\u00e9l\u00e9phone : +49 (0) 8239 789 0<br \/>E-mail : info(arobase)topstar.de<\/p><p>\u00a0<\/p><p><strong>Responsable conform\u00e9ment \u00e0 l\u2019article 55, alin\u00e9a 2 RStV<\/strong> :<br \/>Rainer Maria Wagner<br \/>TOPSTAR GmbH<br \/>Augsburger Str. 29<br \/>86863 Langenneufnach<\/p><p>Allemagne<\/p><p>\u00a0<\/p><p><strong>Adresse pour la livraison et l\u2019enl\u00e8vement<\/strong> :<br \/>TOPSTAR GmbH<br \/>Im Hohenlicht \/ Porte 2<br \/>86863 Langenneufnach<\/p><p>Allemagne<\/p><h3 class=\"h3 \">\u00a0<\/h3><h3 class=\"h3 \"><strong>M\u00e9diation<\/strong><\/h3><p>La Commission europ\u00e9enne met \u00e0 disposition une plateforme pour le r\u00e8glement extrajudiciaire des litiges en ligne (plateforme OS), accessible \u00e0 l'adresse https:\/\/ec.europa.eu\/consumers\/odr.<\/p><p>Notre adresse e-mail figure ci-dessus.<br \/>Nous ne participons ni volontairement, ni en vertu d\u2019une obligation l\u00e9gale \u00e0 une proc\u00e9dure de r\u00e8glement des litiges devant un organisme de m\u00e9diation pour consommateurs.<\/p><h3 class=\"h3 \">\u00a0<\/h3><h3 class=\"h3 \"><strong>Droits d\u2019auteur<\/strong><\/h3><p>Les droits d\u2019auteur, les marques d\u00e9pos\u00e9es et autres droits de propri\u00e9t\u00e9 relatifs au contenu de ce site web sont la propri\u00e9t\u00e9 de TOPSTAR GmbH ou de ses conc\u00e9dants de licence. Vous \u00eates autoris\u00e9 \u00e0 reproduire le contenu de ce site Web uniquement \u00e0 des fins personnelles et non commerciales. Sauf dans le cas mentionn\u00e9 ci-dessus, il est interdit de modifier, conc\u00e9der sous licence, transf\u00e9rer, vendre ou traiter les contenus, logiciels ou informations obtenu \u00e0 partir de ce site web.<\/p><h3 class=\"h3 \">\u00a0<\/h3><h3 class=\"h3 \"><strong>Droits sur les images<\/strong><\/h3><p>TOPSTAR GmbH ne transf\u00e8re aucun droit sur les images t\u00e9l\u00e9charg\u00e9es ou utilis\u00e9es par l\u2019utilisateur. Les droits d'utilisation libres des images sont exclusivement r\u00e9serv\u00e9s \u00e0 la presse. Une utilisation \u00e0 des fins commerciales n\u2019est autoris\u00e9e qu\u2019en lien avec les produits de TOPSTAR GmbH et n\u00e9cessite une autorisation pr\u00e9alable de la soci\u00e9t\u00e9 TOPSTAR GmbH.<\/p><h3 class=\"h3 \">\u00a0<\/h3><h3 class=\"h3 \"><strong>Liens<\/strong><\/h3><p>Pour faciliter votre recherche d\u2019informations suppl\u00e9mentaires, nous avons mis en place des liens vers d\u2019autres sites web. Cela ne signifie pas que nous approuvons ou validons le contenu de ces sites. TOPSTAR GmbH ne s\u2019approprie pas ces contenus externes, mais soutient ainsi la recherche d\u2019informations pour les visiteurs.<\/p><\/div>    <\/div>\n\n\n<!-- Widget End -->\n\n\t\t\t\t<\/div>\n\t\t\t\t<\/div>\n\t\t\t\t\t<\/div>\n\t\t<\/div>\n\t\t\t\t\t<\/div>\n\t\t<\/section>\n\t\t\t\t<\/div>\n\t\t","protected":false},"excerpt":{"rendered":"<p>Mentions l\u00e9gales \u00a0 Fournisseur conform\u00e9ment \u00e0 l\u2019article 5 DDG TOPSTAR GmbHAugsburger Str. 29D-86863 LangenneufnachALLEMAGNE \u00a0 Directeurs g\u00e9n\u00e9rauxMichael WagnerProf. Dr. Rainer Maria WagnerThorsten Reimer \u00a0 Num\u00e9ro de TVA intracommunautaire : DE 127 500 144Tribunal d\u2019instance d\u2019AugsbourgRegistre du commerce HR-B n\u00b0 7087 T\u00e9l\u00e9phone : +49 (0) 8239 789 0E-mail : info(arobase)topstar.de \u00a0 Responsable conform\u00e9ment \u00e0 l\u2019article 55, [&hellip;]<\/p>\n","protected":false},"author":6,"featured_media":0,"parent":0,"menu_order":0,"comment_status":"closed","ping_status":"closed","template":"","meta":{"_acf_changed":false,"footnotes":""},"categories":[],"tags":[],"class_list":["post-3953","page","type-page","status-publish","hentry"],"acf":[],"_links":{"self":[{"href":"https:\/\/www.topstar-werksverkauf.de\/fr\/wp-json\/wp\/v2\/pages\/3953","targetHints":{"allow":["GET"]}}],"collection":[{"href":"https:\/\/www.topstar-werksverkauf.de\/fr\/wp-json\/wp\/v2\/pages"}],"about":[{"href":"https:\/\/www.topstar-werksverkauf.de\/fr\/wp-json\/wp\/v2\/types\/page"}],"author":[{"embeddable":true,"href":"https:\/\/www.topstar-werksverkauf.de\/fr\/wp-json\/wp\/v2\/users\/6"}],"replies":[{"embeddable":true,"href":"https:\/\/www.topstar-werksverkauf.de\/fr\/wp-json\/wp\/v2\/comments?post=3953"}],"version-history":[{"count":5,"href":"https:\/\/www.topstar-werksverkauf.de\/fr\/wp-json\/wp\/v2\/pages\/3953\/revisions"}],"predecessor-version":[{"id":5293,"href":"https:\/\/www.topstar-werksverkauf.de\/fr\/wp-json\/wp\/v2\/pages\/3953\/revisions\/5293"}],"wp:attachment":[{"href":"https:\/\/www.topstar-werksverkauf.de\/fr\/wp-json\/wp\/v2\/media?parent=3953"}],"wp:term":[{"taxonomy":"category","embeddable":true,"href":"https:\/\/www.topstar-werksverkauf.de\/fr\/wp-json\/wp\/v2\/categories?post=3953"},{"taxonomy":"post_tag","embeddable":true,"href":"https:\/\/www.topstar-werksverkauf.de\/fr\/wp-json\/wp\/v2\/tags?post=3953"}],"curies":[{"name":"wp","href":"https:\/\/api.w.org\/{rel}","templated":true}]}}