{"id":3979,"date":"2025-12-03T15:22:59","date_gmt":"2025-12-03T14:22:59","guid":{"rendered":"https:\/\/staging.topstar-werksverkauf.de\/?page_id=3979"},"modified":"2026-03-18T08:21:28","modified_gmt":"2026-03-18T07:21:28","slug":"newsletter","status":"publish","type":"page","link":"https:\/\/www.topstar-werksverkauf.de\/fr\/newsletter\/","title":{"rendered":"Newsletter"},"content":{"rendered":"\t\t<div data-elementor-type=\"wp-page\" data-elementor-id=\"3979\" class=\"elementor elementor-3979 elementor-1992\" data-elementor-post-type=\"page\">\n\t\t\t\t\t\t<section class=\"elementor-section elementor-top-section elementor-element elementor-element-20d26a4 elementor-section-boxed elementor-section-height-default elementor-section-height-default\" data-id=\"20d26a4\" data-element_type=\"section\" data-e-type=\"section\">\n\t\t\t\t\t\t<div class=\"elementor-container elementor-column-gap-default\">\n\t\t\t\t\t<div class=\"elementor-column elementor-col-100 elementor-top-column elementor-element elementor-element-b8be88b\" data-id=\"b8be88b\" data-element_type=\"column\" data-e-type=\"column\">\n\t\t\t<div class=\"elementor-widget-wrap elementor-element-populated\">\n\t\t\t\t\t\t<div class=\"elementor-element elementor-element-500f748 elementor-widget elementor-widget-kd-text\" data-id=\"500f748\" data-element_type=\"widget\" data-e-type=\"widget\" data-widget_type=\"kd-text.default\">\n\t\t\t\t<div class=\"elementor-widget-container\">\n\t\t\t\t\t\n\n<!-- Widget Start -->\n\n<div class=\"max-w-ts-content mx-auto px-4  mt-6 lg:mt-9 mb-6 lg:mb-9\">\n    <h1 class=\" text-black h1\">Abonnez-vous \u00e0 notre newsletter !<\/h1>            <p>\u00a0<\/p><p>Notre newsletter vous informe <strong>des promotions<\/strong> en cours et <strong>des remises exceptionnelles<\/strong>.<\/p>    <\/div>\n\n\n<!-- Widget End -->\n\n\t\t\t\t<\/div>\n\t\t\t\t<\/div>\n\t\t\t\t<div class=\"elementor-element elementor-element-795c68d elementor-widget elementor-widget-kd-shortcode\" data-id=\"795c68d\" data-element_type=\"widget\" data-e-type=\"widget\" data-widget_type=\"kd-shortcode.default\">\n\t\t\t\t<div class=\"elementor-widget-container\">\n\t\t\t\t\t\n\n<!-- Widget Start -->\n\n\n<div class=\"max-w-ts-content mx-auto px-4  mt-6 lg:mt-9 mb-6 lg:mb-9\">\n    <div class=\"frm_forms  with_frm_style frm_style_formidable-style\" id=\"frm_form_6_container\" data-token=\"e3d1484935eb8f3013239fdd46834290\">\n<form enctype=\"multipart\/form-data\" method=\"post\" class=\"frm-show-form  frm_pro_form \" id=\"form_newsletter-anmeldung-fr\" data-token=\"e3d1484935eb8f3013239fdd46834290\">\n<div class=\"frm_form_fields \">\n<fieldset>\n<legend class=\"sr-only\">Newsletter-Anmeldung [FR]<\/legend>\r\n\r\n<div class=\"grid grid-cols-1 phone:grid-cols-2 my-4 gap-4 w-full justify-center\">\n<input type=\"hidden\" name=\"frm_action\" value=\"create\" \/>\n<input type=\"hidden\" name=\"form_id\" value=\"6\" \/>\n<input type=\"hidden\" name=\"frm_hide_fields_6\" id=\"frm_hide_fields_6\" value=\"\" \/>\n<input type=\"hidden\" name=\"form_key\" value=\"newsletter-anmeldung-fr\" \/>\n<input type=\"hidden\" name=\"item_meta[0]\" value=\"\" \/>\n<input type=\"hidden\" id=\"col-span-1 phone:col-span-2 w-fit bg-ts-black text-white text-sm whitespace-nowrap leading-none rounded-full py-2 px-3 border border-ts-black hover:bg-transparent hover:text-ts-black transition-colors duration-200_entry_6\" name=\"col-span-1 phone:col-span-2 w-fit bg-ts-black text-white text-sm whitespace-nowrap leading-none rounded-full py-2 px-3 border border-ts-black hover:bg-transparent hover:text-ts-black transition-colors duration-200_entry_6\" value=\"7ef47a8339\" \/><input type=\"hidden\" name=\"_wp_http_referer\" value=\"\/fr\/wp-json\/wp\/v2\/pages\/3979\" \/><div id=\"frm_field_39_container\" class=\"frm_form_field form-field  frm_required_field frm_top_container col-span-1 frm_first\">\r\n\t<label class=\"block text-sm\" for=\"field_wdspd2\" id=\"field_wdspd2_label\" class=\"block text-sm\">Civilit\u00e9\r\n\t\t<span class=\"frm_required\" aria-hidden=\"true\">*<\/span>\r\n\t<\/label>\r\n\t\t\t<select class=\"js-select\" name=\"item_meta[39]\" id=\"field_wdspd2\"  data-frmval=\"Monsieur\" data-reqmsg=\"Civilit\u00e9 cannot be blank.\" aria-required=\"true\" data-invmsg=\"Civilit\u00e9 ist ung\u00fcltig\" aria-invalid=\"false\"  >\n\t\t<option  value=\"Monsieur\" selected='selected'>Monsieur<\/option><option  value=\"Madame\">Madame<\/option><option  value=\"Divers\">Divers<\/option>\t<\/select>\n\t\r\n\t\r\n\t\r\n<\/div>\n<div id=\"frm_field_40_container\" class=\"frm_form_field form-field  frm_required_field frm_top_container col-span-1\">\r\n\t<label class=\"block text-sm\" for=\"field_be8nv2\" id=\"field_be8nv2_label\" class=\"block text-sm\">E-Mail\r\n\t\t<span class=\"frm_required\" aria-hidden=\"true\">*<\/span>\r\n\t<\/label>\r\n\t<input type=\"email\" class=\"w-full text-sm border bg-transparent px-3 py-0.5 rounded-lg border-ts-black focus:border-ts-black focus:outline-0 focus:ring-0 focus:ring-offset-0\" id=\"field_be8nv2\" name=\"item_meta[40]\" value=\"\"  autocomplete=\"email\"  data-reqmsg=\"E-Mail cannot be blank.\" aria-required=\"true\" data-invmsg=\"E-Mail ist ung\u00fcltig\" aria-invalid=\"false\"  \/>\r\n\t\r\n\t\r\n<\/div>\n<div id=\"frm_field_41_container\" class=\"frm_form_field form-field  frm_required_field frm_top_container col-span-1 frm_first\">\r\n\t<label class=\"block text-sm\" for=\"field_4r4ec2\" id=\"field_4r4ec2_label\" class=\"block text-sm\">Pr\u00e9nom\r\n\t\t<span class=\"frm_required\" aria-hidden=\"true\">*<\/span>\r\n\t<\/label>\r\n\t<input type=\"text\" class=\"w-full text-sm border bg-transparent px-3 py-0.5 rounded-lg border-ts-black focus:border-ts-black focus:outline-0 focus:ring-0 focus:ring-offset-0\" id=\"field_4r4ec2\" name=\"item_meta[41]\" value=\"\"  data-reqmsg=\"Pr\u00e9nom cannot be blank.\" aria-required=\"true\" data-invmsg=\"Pr\u00e9nom ist ung\u00fcltig\" aria-invalid=\"false\"   \/>\r\n\t\r\n\t\r\n<\/div>\n<div id=\"frm_field_42_container\" class=\"frm_form_field form-field  frm_required_field frm_top_container col-span-1\">\r\n\t<label class=\"block text-sm\" for=\"field_e8d1l2\" id=\"field_e8d1l2_label\" class=\"block text-sm\">Nom\r\n\t\t<span class=\"frm_required\" aria-hidden=\"true\">*<\/span>\r\n\t<\/label>\r\n\t<input type=\"text\" class=\"w-full text-sm border bg-transparent px-3 py-0.5 rounded-lg border-ts-black focus:border-ts-black focus:outline-0 focus:ring-0 focus:ring-offset-0\" id=\"field_e8d1l2\" name=\"item_meta[42]\" value=\"\"  data-reqmsg=\"Nom cannot be blank.\" aria-required=\"true\" data-invmsg=\"Nom ist ung\u00fcltig\" aria-invalid=\"false\"   \/>\r\n\t\r\n\t\r\n<\/div>\n<div id=\"frm_field_43_container\" class=\"frm_form_field form-field  frm_required_field frm_top_container col-span-1 phone:col-span-2 vertical_radio\">\r\n\t<div id=\"field_e95jb2_label\" class=\"block text-sm\">Politique de confidentialit\u00e9\r\n\t\t<span class=\"frm_required\" aria-hidden=\"true\">*<\/span>\r\n\t<\/div>\r\n\t<div class=\"frm_opt_container flex pt-2\" role=\"group\">\t\t<div class=\"frm_checkbox\" id=\"frm_checkbox_43-0\">\t\t\t<label class=\"block text-sm\" for=\"field_e95jb2-0\">\n\t\t\t<input type=\"checkbox\" class=\"size-4 mb-1 mr-1 hover:cursor-pointer rounded border !border-ts-black accent-ts-black !bg-transparent focus:ring-0 focus:ring-offset-0 focus:outline-none\" name=\"item_meta[43][]\" id=\"field_e95jb2-0\" value=\"J&#039;accepte le traitement et le stockage de mes donn\u00e9es conform\u00e9ment \u00e0 la &lt;a href=&quot;https:\/\/www.topstar-werksverkauf.de\/fr\/politique-de-confidentialite\/&quot;&gt;politique de confidentialit\u00e9.&lt;\/a&gt;.\"  data-reqmsg=\"Politique de confidentialit\u00e9 cannot be blank.\" data-invmsg=\"Politique de confidentialit\u00e9 ist ung\u00fcltig\"   aria-required=\"true\"  \/> J'accepte le traitement et le stockage de mes donn\u00e9es conform\u00e9ment \u00e0 la <a href=\"https:\/\/www.topstar-werksverkauf.de\/fr\/politique-de-confidentialite\/\">politique de confidentialit\u00e9.<\/a>.<\/label><\/div>\n<\/div>\r\n\t\r\n\t\r\n<\/div>\n<div id=\"frm_field_44_container\" class=\"frm_form_field form-field \">\r\n\t<div class=\"col-span-1 phone:col-span-2 w-fit bg-ts-black text-white text-sm whitespace-nowrap leading-none rounded-full py-2 px-3 border border-ts-black hover:bg-transparent hover:text-ts-black transition-colors duration-200 frm_flex\">\r\n<button class=\"frm_button_submit frm_final_submit\" type=\"submit\"  formnovalidate=\"formnovalidate\">S&#039;abonner<\/button>\r\n\r\n\r\n\r\n<\/div>\r\n<\/div>\n\t<input type=\"hidden\" name=\"item_key\" value=\"\" \/>\n\t\t\t<div id=\"frm_field_86_container\">\n\t\t\t<label class=\"block text-sm\" for=\"field_4znd6\" >\n\t\t\t\tSi vous \u00eates un humain, ne remplissez pas ce champ.\t\t\t<\/label>\n\t\t\t<input  id=\"field_4znd6\" type=\"text\" class=\"frm_form_field form-field frm_verify\" name=\"item_meta[86]\" value=\"\"  \/>\n\t\t<\/div>\n\t\t<input name=\"frm_state\" type=\"hidden\" value=\"tcKThIKoOnzlTrrCwQMe2+nEfmIO8drM5VnnV0zbeBXFcpqIkQD4kIfiS+o20fx5\" \/><\/div>\n<\/fieldset>\n<\/div>\n\n<\/form>\n<\/div>\n<\/div>\n\n\n<!-- Widget End -->\n\n\t\t\t\t<\/div>\n\t\t\t\t<\/div>\n\t\t\t\t<div class=\"elementor-element elementor-element-ea35a56 elementor-widget elementor-widget-kd-info-bar\" data-id=\"ea35a56\" data-element_type=\"widget\" data-e-type=\"widget\" data-widget_type=\"kd-info-bar.default\">\n\t\t\t\t<div class=\"elementor-widget-container\">\n\t\t\t\t\t\n\n<!-- Widget Start -->\n\n\n<div class=\"max-w-ts-content mx-auto px-4 text-white  mt-8 lg:mt-12 mb-8 lg:mb-12\">\n    <div class=\"px-4 py-6 bg-black rounded-xl relative\">\n        <!-- Layout Cards -->\n                                    <div class=\"grid grid-cols-1 phonexl:grid-cols-2 mini:flex justify-between gap-6\">\n                                                                    <div class=\"flex items-center gap-4\">\n                                                            <img decoding=\"async\" width=\"150\" height=\"47\" src=\"https:\/\/www.topstar-werksverkauf.de\/wp-content\/uploads\/2026\/03\/mail-illustration-white-1.svg\" class=\"w-10 object-contain\" alt=\"\" \/>                                                        <div class=\"text-lg font-semibold uppercase\">Lors de votre inscription, vous recevrez un code promotionnel unique vous donnant droit \u00e0 une r\u00e9duction de 10 % sur votre commande.<\/div>\n                        <\/div>\n                                    <\/div>\n            \n        \n    <\/div>\n<\/div>\n\n\n<!-- Widget End -->\n\n\t\t\t\t<\/div>\n\t\t\t\t<\/div>\n\t\t\t\t\t<\/div>\n\t\t<\/div>\n\t\t\t\t\t<\/div>\n\t\t<\/section>\n\t\t\t\t<\/div>\n\t\t","protected":false},"excerpt":{"rendered":"<p>Abonnez-vous \u00e0 notre newsletter ! \u00a0 Notre newsletter vous informe des promotions en cours et des remises exceptionnelles. Newsletter-Anmeldung [FR] Civilit\u00e9 * MonsieurMadameDivers E-Mail * Pr\u00e9nom * Nom * Politique de confidentialit\u00e9 * En envoyant ce formulaire, j&rsquo;accepte le traitement de mes donn\u00e9es personnelles conform\u00e9ment \u00e0 la politique de confidentialit\u00e9. S&#039;abonner Si vous \u00eates un [&hellip;]<\/p>\n","protected":false},"author":6,"featured_media":0,"parent":0,"menu_order":0,"comment_status":"closed","ping_status":"closed","template":"","meta":{"_acf_changed":false,"footnotes":""},"categories":[],"tags":[],"class_list":["post-3979","page","type-page","status-publish","hentry"],"acf":[],"_links":{"self":[{"href":"https:\/\/www.topstar-werksverkauf.de\/fr\/wp-json\/wp\/v2\/pages\/3979","targetHints":{"allow":["GET"]}}],"collection":[{"href":"https:\/\/www.topstar-werksverkauf.de\/fr\/wp-json\/wp\/v2\/pages"}],"about":[{"href":"https:\/\/www.topstar-werksverkauf.de\/fr\/wp-json\/wp\/v2\/types\/page"}],"author":[{"embeddable":true,"href":"https:\/\/www.topstar-werksverkauf.de\/fr\/wp-json\/wp\/v2\/users\/6"}],"replies":[{"embeddable":true,"href":"https:\/\/www.topstar-werksverkauf.de\/fr\/wp-json\/wp\/v2\/comments?post=3979"}],"version-history":[{"count":5,"href":"https:\/\/www.topstar-werksverkauf.de\/fr\/wp-json\/wp\/v2\/pages\/3979\/revisions"}],"predecessor-version":[{"id":67985,"href":"https:\/\/www.topstar-werksverkauf.de\/fr\/wp-json\/wp\/v2\/pages\/3979\/revisions\/67985"}],"wp:attachment":[{"href":"https:\/\/www.topstar-werksverkauf.de\/fr\/wp-json\/wp\/v2\/media?parent=3979"}],"wp:term":[{"taxonomy":"category","embeddable":true,"href":"https:\/\/www.topstar-werksverkauf.de\/fr\/wp-json\/wp\/v2\/categories?post=3979"},{"taxonomy":"post_tag","embeddable":true,"href":"https:\/\/www.topstar-werksverkauf.de\/fr\/wp-json\/wp\/v2\/tags?post=3979"}],"curies":[{"name":"wp","href":"https:\/\/api.w.org\/{rel}","templated":true}]}}