{"id":4034,"date":"2026-01-12T13:24:26","date_gmt":"2026-01-12T12:24:26","guid":{"rendered":"https:\/\/staging.topstar-werksverkauf.de\/?page_id=4034"},"modified":"2026-03-18T08:15:49","modified_gmt":"2026-03-18T07:15:49","slug":"retour","status":"publish","type":"page","link":"https:\/\/www.topstar-werksverkauf.de\/fr\/retour\/","title":{"rendered":"Retour"},"content":{"rendered":"\t\t<div data-elementor-type=\"wp-page\" data-elementor-id=\"4034\" class=\"elementor elementor-4034 elementor-2085\" data-elementor-post-type=\"page\">\n\t\t\t\t\t\t<section class=\"elementor-section elementor-top-section elementor-element elementor-element-0cd1ca9 elementor-section-boxed elementor-section-height-default elementor-section-height-default\" data-id=\"0cd1ca9\" data-element_type=\"section\" data-e-type=\"section\">\n\t\t\t\t\t\t<div class=\"elementor-container elementor-column-gap-default\">\n\t\t\t\t\t<div class=\"elementor-column elementor-col-100 elementor-top-column elementor-element elementor-element-3fd867d\" data-id=\"3fd867d\" data-element_type=\"column\" data-e-type=\"column\">\n\t\t\t<div class=\"elementor-widget-wrap elementor-element-populated\">\n\t\t\t\t\t\t<div class=\"elementor-element elementor-element-760e5a7 elementor-widget elementor-widget-kd-text\" data-id=\"760e5a7\" data-element_type=\"widget\" data-e-type=\"widget\" data-widget_type=\"kd-text.default\">\n\t\t\t\t<div class=\"elementor-widget-container\">\n\t\t\t\t\t\n\n<!-- Widget Start -->\n\n<div class=\"max-w-ts-content mx-auto px-4  mt-6 lg:mt-9 \">\n    <h2 class=\" text-black h1\">Retour<\/h2>            <p>\u00a0<\/p><p>Toutes les commandes pass\u00e9es sur notre site topstar-werksverkauf.de peuvent \u00eatre <strong>retourn\u00e9es gratuitement sous un d\u00e9lai de 30 jours.<\/strong><\/p><ul class=\"\"><li>Envoi de colis et livraison par transporteur:<br \/>Veuillez remplir le formulaire de contact ci-dessous.<\/li><\/ul>    <\/div>\n\n\n<!-- Widget End -->\n\n\t\t\t\t<\/div>\n\t\t\t\t<\/div>\n\t\t\t\t<div class=\"elementor-element elementor-element-d65a64e elementor-widget elementor-widget-kd-shortcode\" data-id=\"d65a64e\" data-element_type=\"widget\" data-e-type=\"widget\" data-widget_type=\"kd-shortcode.default\">\n\t\t\t\t<div class=\"elementor-widget-container\">\n\t\t\t\t\t\n\n<!-- Widget Start -->\n\n\n<div class=\"max-w-ts-content mx-auto px-4  mt-6 lg:mt-9 mb-6 lg:mb-9\">\n    <div class=\"frm_forms  with_frm_style frm_style_formidable-style\" id=\"frm_form_10_container\" data-token=\"bfaae5b5f6d1c75f30d8e062bf0d387b\">\n<form enctype=\"multipart\/form-data\" method=\"post\" class=\"frm-show-form  frm_pro_form \" id=\"form_contact-us222\" data-token=\"bfaae5b5f6d1c75f30d8e062bf0d387b\">\n<div class=\"frm_form_fields \">\n<fieldset>\n<legend class=\"sr-only\">R\u00fcckgabe [FR]<\/legend>\r\n\r\n<div class=\"grid grid-cols-1 phone:grid-cols-2 my-4 gap-4 w-full justify-center\">\n<input type=\"hidden\" name=\"frm_action\" value=\"create\" \/>\n<input type=\"hidden\" name=\"form_id\" value=\"10\" \/>\n<input type=\"hidden\" name=\"frm_hide_fields_10\" id=\"frm_hide_fields_10\" value=\"\" \/>\n<input type=\"hidden\" name=\"form_key\" value=\"contact-us222\" \/>\n<input type=\"hidden\" name=\"item_meta[0]\" value=\"\" \/>\n<input type=\"hidden\" id=\"col-span-1 phone:col-span-2 w-fit bg-ts-black text-white text-sm whitespace-nowrap leading-none rounded-full py-2 px-3 border border-ts-black hover:bg-transparent hover:text-ts-black transition-colors duration-200_entry_10\" name=\"col-span-1 phone:col-span-2 w-fit bg-ts-black text-white text-sm whitespace-nowrap leading-none rounded-full py-2 px-3 border border-ts-black hover:bg-transparent hover:text-ts-black transition-colors duration-200_entry_10\" value=\"390f1696b9\" \/><input type=\"hidden\" name=\"_wp_http_referer\" value=\"\/fr\/wp-json\/wp\/v2\/pages\/4034\" \/><div id=\"frm_field_68_container\" class=\"frm_form_field form-field  frm_required_field frm_top_container frm_first col-span-1\">\r\n    <label class=\"block text-sm\" for=\"field_qh4icy52\" class=\"block text-sm\">Pr\u00e9nom\r\n        <span class=\"frm_required\">*<\/span>\r\n    <\/label>\r\n    <input type=\"text\" class=\"w-full text-sm border bg-transparent px-3 py-0.5 rounded-lg border-ts-black focus:border-ts-black focus:outline-0 focus:ring-0 focus:ring-offset-0\" id=\"field_qh4icy52\" name=\"item_meta[68]\" value=\"\"  data-reqmsg=\"Pr\u00e9nom cannot be blank.\" aria-required=\"true\" data-invmsg=\"Pr\u00e9nom ist ung\u00fcltig\" aria-invalid=\"false\"   \/>\r\n    \r\n    \r\n<\/div>\n<div id=\"frm_field_69_container\" class=\"frm_form_field form-field  frm_required_field frm_hidden_container col-span-1\">\r\n    <label class=\"block text-sm\" for=\"field_ocfup152\" class=\"block text-sm\">Nom\r\n        <span class=\"frm_required\">*<\/span>\r\n    <\/label>\r\n    <input type=\"text\" class=\"w-full text-sm border bg-transparent px-3 py-0.5 rounded-lg border-ts-black focus:border-ts-black focus:outline-0 focus:ring-0 focus:ring-offset-0\" id=\"field_ocfup152\" name=\"item_meta[69]\" value=\"\"  data-reqmsg=\"Nom cannot be blank.\" aria-required=\"true\" data-invmsg=\"Nom ist ung\u00fcltig\" aria-invalid=\"false\"   \/>\r\n    \r\n    \r\n<\/div>\n<div id=\"frm_field_70_container\" class=\"frm_form_field form-field  frm_required_field frm_top_container col-span-1 phone:col-span-2\">\r\n    <label class=\"block text-sm\" for=\"field_29yf4d5\" class=\"block text-sm\">E-mail\r\n        <span class=\"frm_required\">*<\/span>\r\n    <\/label>\r\n    <input type=\"email\" class=\"w-full text-sm border bg-transparent px-3 py-0.5 rounded-lg border-ts-black focus:border-ts-black focus:outline-0 focus:ring-0 focus:ring-offset-0\" id=\"field_29yf4d5\" name=\"item_meta[70]\" value=\"\"  data-reqmsg=\"E-mail cannot be blank.\" aria-required=\"true\" data-invmsg=\"Please enter a valid email address\" aria-invalid=\"false\"  \/>\r\n    \r\n    \r\n<\/div>\n<div id=\"frm_field_71_container\" class=\"frm_form_field form-field  frm_top_container\">\r\n\t<label class=\"block text-sm\" for=\"field_9c3h542\" id=\"field_9c3h542_label\" class=\"block text-sm\">T\u00e9l\u00e9phone\r\n\t\t<span class=\"frm_required\" aria-hidden=\"true\"><\/span>\r\n\t<\/label>\r\n\t<input type=\"tel\" class=\"w-full text-sm border bg-transparent px-3 py-0.5 rounded-lg border-ts-black focus:border-ts-black focus:outline-0 focus:ring-0 focus:ring-offset-0\" id=\"field_9c3h542\" name=\"item_meta[71]\" value=\"\"  data-invmsg=\"T\u00e9l\u00e9phone ist ung\u00fcltig\" aria-invalid=\"false\" pattern=\"((\\+\\d{1,3}(-|.| )?\\(?\\d\\)?(-| |.)?\\d{1,5})|(\\(?\\d{2,6}\\)?))(-|.| )?(\\d{3,4})(-|.| )?(\\d{4})(( x| ext)\\d{1,5}){0,1}$\"  \/>\r\n\t\r\n\t\r\n<\/div>\n<div id=\"frm_field_72_container\" class=\"frm_form_field form-field  frm_required_field frm_top_container\">\r\n\t<label class=\"block text-sm\" for=\"field_n9jop2\" id=\"field_n9jop2_label\" class=\"block text-sm\">Num\u00e9ro de commande et de facture\r\n\t\t<span class=\"frm_required\" aria-hidden=\"true\">*<\/span>\r\n\t<\/label>\r\n\t<input type=\"text\" class=\"w-full text-sm border bg-transparent px-3 py-0.5 rounded-lg border-ts-black focus:border-ts-black focus:outline-0 focus:ring-0 focus:ring-offset-0\" id=\"field_n9jop2\" name=\"item_meta[72]\" value=\"\"  data-reqmsg=\"Num\u00e9ro de commande et de facture cannot be blank.\" aria-required=\"true\" data-invmsg=\"Num\u00e9ro de commande et de facture ist ung\u00fcltig\" aria-invalid=\"false\"   \/>\r\n\t\r\n\t\r\n<\/div>\n<div id=\"frm_field_73_container\" class=\"frm_form_field form-field  frm_top_container col-span-1 phone:col-span-2\">\r\n    <label class=\"block text-sm\" for=\"field_e6lis652\" class=\"block text-sm\">Objet\r\n        <span class=\"frm_required\"><\/span>\r\n    <\/label>\r\n    <input type=\"text\" class=\"w-full text-sm border bg-transparent px-3 py-0.5 rounded-lg border-ts-black focus:border-ts-black focus:outline-0 focus:ring-0 focus:ring-offset-0\" id=\"field_e6lis652\" name=\"item_meta[73]\" value=\"\"  data-invmsg=\"Objet ist ung\u00fcltig\" aria-invalid=\"false\"   \/>\r\n    \r\n    \r\n<\/div>\n<div id=\"frm_field_74_container\" class=\"frm_form_field form-field  frm_top_container col-span-1 phone:col-span-2\">\r\n    <label class=\"block text-sm\" for=\"field_9jv0r15\" class=\"block text-sm\">Message\r\n        <span class=\"frm_required\"><\/span>\r\n    <\/label>\r\n    <textarea class=\"w-full px-4 py-1 text-base bg-transparent border border-black rounded-lg placeholder-black placeholder-opacity-60 focus:outline-2 focus:ring-2 focus:ring-ts-black focus:ring-offset-0 bg-form-bg-normal\" name=\"item_meta[74]\" id=\"field_9jv0r15\" rows=\"5\"  data-invmsg=\"Message ist ung\u00fcltig\" aria-invalid=\"false\"  ><\/textarea>\r\n    \r\n    \r\n<\/div>\n<div id=\"frm_field_75_container\" class=\"frm_form_field form-field  frm_required_field frm_top_container vertical_radio\">\r\n\t<div id=\"field_3gbxi42_label\" class=\"block text-sm\">Protection des donn\u00e9es\r\n\t\t<span class=\"frm_required\" aria-hidden=\"true\">*<\/span>\r\n\t<\/div>\r\n\t<div class=\"frm_opt_container flex pt-2\" role=\"group\">\t\t<div class=\"frm_checkbox\" id=\"frm_checkbox_75-5\">\t\t\t<label class=\"block text-sm\" for=\"field_3gbxi42-5\">\n\t\t\t<input type=\"checkbox\" class=\"size-4 mb-1 mr-1 hover:cursor-pointer rounded border !border-ts-black accent-ts-black !bg-transparent focus:ring-0 focus:ring-offset-0 focus:outline-none\" name=\"item_meta[75][]\" id=\"field_3gbxi42-5\" value=\"J&#039;accepte le traitement et le stockage de mes donn\u00e9es conform\u00e9ment \u00e0 la &lt;a href=&quot;https:\/\/www.topstar-werksverkauf.de\/fr\/politique-de-confidentialite\/&quot;&gt;politique de confidentialit\u00e9.&lt;\/a&gt;.\"  data-reqmsg=\"Protection des donn\u00e9es cannot be blank.\" data-invmsg=\"Protection des donn\u00e9es ist ung\u00fcltig\"   aria-required=\"true\"  \/> J'accepte le traitement et le stockage de mes donn\u00e9es conform\u00e9ment \u00e0 la <a href=\"https:\/\/www.topstar-werksverkauf.de\/fr\/politique-de-confidentialite\/\">politique de confidentialit\u00e9.<\/a>.<\/label><\/div>\n<\/div>\r\n\t\r\n\t\r\n<\/div>\n<div id=\"frm_field_76_container\" class=\"frm_form_field form-field \">\r\n\t<div class=\"col-span-1 phone:col-span-2 w-fit bg-ts-black text-white text-sm whitespace-nowrap leading-none rounded-full py-2 px-3 border border-ts-black hover:bg-transparent hover:text-ts-black transition-colors duration-200\">\r\n\r\n<button class=\"frm_button_submit frm_final_submit\" type=\"submit\"  formnovalidate=\"formnovalidate\">Envoyer<\/button>\r\n\r\n<\/div>\r\n<\/div>\n\t<input type=\"hidden\" name=\"item_key\" value=\"\" \/>\n\t\t\t<div id=\"frm_field_86_container\">\n\t\t\t<label class=\"block text-sm\" for=\"field_fv6mk\" >\n\t\t\t\tSi vous \u00eates un humain, ne remplissez pas ce champ.\t\t\t<\/label>\n\t\t\t<input  id=\"field_fv6mk\" type=\"text\" class=\"frm_form_field form-field frm_verify\" name=\"item_meta[86]\" value=\"\"  \/>\n\t\t<\/div>\n\t\t<input name=\"frm_state\" type=\"hidden\" value=\"tcKThIKoOnzlTrrCwQMe21si\/SQ8LxE6JeM+CVj5ll3FcpqIkQD4kIfiS+o20fx5\" \/><\/div>\n<\/fieldset>\n<\/div>\n\n<\/form>\n<\/div>\n<\/div>\n\n\n<!-- Widget End -->\n\n\t\t\t\t<\/div>\n\t\t\t\t<\/div>\n\t\t\t\t<div class=\"elementor-element elementor-element-15d04b6 elementor-widget elementor-widget-kd-info-bar\" data-id=\"15d04b6\" data-element_type=\"widget\" data-e-type=\"widget\" data-widget_type=\"kd-info-bar.default\">\n\t\t\t\t<div class=\"elementor-widget-container\">\n\t\t\t\t\t\n\n<!-- Widget Start -->\n\n\n<div class=\"max-w-ts-content mx-auto px-4 text-white  mt-8 md:mt-18 lg:mt-25 mb-8 lg:mb-12\">\n    <div class=\"px-4 py-6 bg-black rounded-xl relative\">\n        <!-- Layout Cards -->\n                    <!-- Layout Kontakt -->\n            <div class=\"mb-20 lg:mb-0 grid grid-cols-1 md:grid-cols-2 midbook:flex midbook:items-start gap-2 lg:gap-6 midbook:gap-10\">\n                <div class=\"text-sm max-w-md\">\n                    <h2 class=\"font-bold mb-2 text-white h2\">Nous sommes \u00e0 votre disposition <\/h2>                                            <p>Si vous avez d'autres questions ou demandes, Bernhard est \u00e0 votre disposition \u00e0 tout moment et vous aide dans votre d\u00e9cision d'achat.<\/p>                                    <\/div>\n\n                <div>\n                                                                        <div class=\"mb-2\">Heures d&#039;ouverture de la boutique en ligne<\/div>\n                        \n                        <div class=\"text-sm flex\">\n                            <div class=\"flex flex-col gap-y-2 text-left pr-2\">\n                                                                                                        <div>Du lundi au jeudi:<\/div>\n                                                                                                        <div>Le vendredi:<\/div>\n                                                            <\/div>\n                            <div class=\"flex flex-col gap-y-2\">\n                                                                                                        <div>8h \u00e0 16 h<\/div>\n                                                                                                        <div>8 h \u00e0 13h<\/div>\n                                                            <\/div>\n                        <\/div>\n                                    <\/div>\n\n                <div>\n                                                                        <div class=\"mb-2\">Coordonn\u00e9es<\/div>\n                        \n                        <div class=\"text-sm flex flex-col gap-y-2\">\n                                                                                            <div class=\"flex items-center gap-2\">\n                                    \n                                                                            <a href=\"tel:+498239789590\" class=\"hover:underline underline-offset-2\">\n                                            +49 8239\/789-590                                        <\/a>\n                                                                    <\/div>\n                                                                                            <div class=\"flex items-center gap-2\">\n                                    \n                                                                            <a href=\"mailto:&#119;e&#114;&#107;&#115;&#118;&#101;&#114;&#107;&#097;u&#102;&#111;&#110;l&#105;n&#101;&#064;&#116;&#111;&#112;&#115;&#116;a&#114;.d&#101;\" class=\"hover:underline underline-offset-2\">\n                                            werksverkaufonline@topstar.de                                        <\/a>\n                                                                    <\/div>\n                                                    <\/div>\n                                    <\/div>\n\n                                    <div class=\"absolute bottom-0 -right-5 lg:right-0\">\n                        <img fetchpriority=\"high\" decoding=\"async\" width=\"270\" height=\"230\" src=\"https:\/\/www.topstar-werksverkauf.de\/wp-content\/uploads\/2026\/03\/topstar-werksverkauf-bernhard.png\" class=\"h-25 lg:h-40 midbook:h-44 object-contain\" alt=\"\" \/>                    <\/div>\n                            <\/div>\n        \n    <\/div>\n<\/div>\n\n\n<!-- Widget End -->\n\n\t\t\t\t<\/div>\n\t\t\t\t<\/div>\n\t\t\t\t\t<\/div>\n\t\t<\/div>\n\t\t\t\t\t<\/div>\n\t\t<\/section>\n\t\t\t\t<\/div>\n\t\t","protected":false},"excerpt":{"rendered":"<p>Retour \u00a0 Toutes les commandes pass\u00e9es sur notre site topstar-werksverkauf.de peuvent \u00eatre retourn\u00e9es gratuitement sous un d\u00e9lai de 30 jours. Envoi de colis et livraison par transporteur:Veuillez remplir le formulaire de contact ci-dessous. R\u00fcckgabe [FR] Pr\u00e9nom * Nom * Adresse e-mail * T\u00e9l\u00e9phone Num\u00e9ro de commande et de facture * Objet Message Protection des donn\u00e9es [&hellip;]<\/p>\n","protected":false},"author":6,"featured_media":0,"parent":0,"menu_order":0,"comment_status":"closed","ping_status":"closed","template":"","meta":{"_acf_changed":false,"footnotes":""},"categories":[],"tags":[],"class_list":["post-4034","page","type-page","status-publish","hentry"],"acf":[],"_links":{"self":[{"href":"https:\/\/www.topstar-werksverkauf.de\/fr\/wp-json\/wp\/v2\/pages\/4034","targetHints":{"allow":["GET"]}}],"collection":[{"href":"https:\/\/www.topstar-werksverkauf.de\/fr\/wp-json\/wp\/v2\/pages"}],"about":[{"href":"https:\/\/www.topstar-werksverkauf.de\/fr\/wp-json\/wp\/v2\/types\/page"}],"author":[{"embeddable":true,"href":"https:\/\/www.topstar-werksverkauf.de\/fr\/wp-json\/wp\/v2\/users\/6"}],"replies":[{"embeddable":true,"href":"https:\/\/www.topstar-werksverkauf.de\/fr\/wp-json\/wp\/v2\/comments?post=4034"}],"version-history":[{"count":5,"href":"https:\/\/www.topstar-werksverkauf.de\/fr\/wp-json\/wp\/v2\/pages\/4034\/revisions"}],"predecessor-version":[{"id":67972,"href":"https:\/\/www.topstar-werksverkauf.de\/fr\/wp-json\/wp\/v2\/pages\/4034\/revisions\/67972"}],"wp:attachment":[{"href":"https:\/\/www.topstar-werksverkauf.de\/fr\/wp-json\/wp\/v2\/media?parent=4034"}],"wp:term":[{"taxonomy":"category","embeddable":true,"href":"https:\/\/www.topstar-werksverkauf.de\/fr\/wp-json\/wp\/v2\/categories?post=4034"},{"taxonomy":"post_tag","embeddable":true,"href":"https:\/\/www.topstar-werksverkauf.de\/fr\/wp-json\/wp\/v2\/tags?post=4034"}],"curies":[{"name":"wp","href":"https:\/\/api.w.org\/{rel}","templated":true}]}}