{"id":5197,"date":"2026-02-02T13:16:58","date_gmt":"2026-02-02T12:16:58","guid":{"rendered":"https:\/\/staging.topstar-werksverkauf.de\/?page_id=5197"},"modified":"2026-03-18T09:36:40","modified_gmt":"2026-03-18T08:36:40","slug":"agr","status":"publish","type":"page","link":"https:\/\/www.topstar-werksverkauf.de\/fr\/agr\/","title":{"rendered":"Label AGR"},"content":{"rendered":"\t\t<div data-elementor-type=\"wp-page\" data-elementor-id=\"5197\" class=\"elementor elementor-5197 elementor-4831\" data-elementor-post-type=\"page\">\n\t\t\t\t\t\t<section class=\"elementor-section elementor-top-section elementor-element elementor-element-ff487d9 elementor-section-boxed elementor-section-height-default elementor-section-height-default\" data-id=\"ff487d9\" data-element_type=\"section\" data-e-type=\"section\">\n\t\t\t\t\t\t<div class=\"elementor-container elementor-column-gap-default\">\n\t\t\t\t\t<div class=\"elementor-column elementor-col-100 elementor-top-column elementor-element elementor-element-7baf8a9\" data-id=\"7baf8a9\" data-element_type=\"column\" data-e-type=\"column\">\n\t\t\t<div class=\"elementor-widget-wrap elementor-element-populated\">\n\t\t\t\t\t\t<div class=\"elementor-element elementor-element-7294938 elementor-widget elementor-widget-kd-stage\" data-id=\"7294938\" data-element_type=\"widget\" data-e-type=\"widget\" data-widget_type=\"kd-stage.default\">\n\t\t\t\t<div class=\"elementor-widget-container\">\n\t\t\t\t\t\n\n<!-- Widget Start -->\n\n\n<kd-stage-slider\n    element-id=\"stage-69d2517e2a707\"\n    :autoplay=\"true\">\n                    <div class=\"relative min-h-[85vh] md:min-h-80\" >\n                                                <img decoding=\"async\" src=\"https:\/\/www.topstar-werksverkauf.de\/wp-content\/uploads\/2026\/02\/240809_sitness_000013-e1770039271316.png\" class=\"hidden md:block size-full object-cover object-right absolute inset-0\" alt=\"\">\n                                    <img decoding=\"async\" src=\"https:\/\/www.topstar-werksverkauf.de\/wp-content\/uploads\/2026\/02\/Buehne-mobile-AGR.png\" class=\"md:hidden size-full object-cover object-center absolute inset-0\" alt=\"\">\n                                        <div class=\"relative z-10 max-w-ts-content mx-auto p-4 gap-4 mini:gap-8 flex flex-col justify-center items-start mini:flex-row mini:justify-start mini:items-center min-h-[85vh] md:min-h-80 \">\n                <!-- Weisse Box -->\n                                <!-- Schwarzer Kreis -->\n                            <\/div>\n        <\/div>\n    <\/kd-stage-slider>\n\n\n<!-- Widget End -->\n\n\t\t\t\t<\/div>\n\t\t\t\t<\/div>\n\t\t\t\t\t<\/div>\n\t\t<\/div>\n\t\t\t\t\t<\/div>\n\t\t<\/section>\n\t\t\t\t<section class=\"elementor-section elementor-top-section elementor-element elementor-element-14c71bb elementor-section-boxed elementor-section-height-default elementor-section-height-default\" data-id=\"14c71bb\" data-element_type=\"section\" data-e-type=\"section\">\n\t\t\t\t\t\t<div class=\"elementor-container elementor-column-gap-default\">\n\t\t\t\t\t<div class=\"elementor-column elementor-col-100 elementor-top-column elementor-element elementor-element-d0c599b\" data-id=\"d0c599b\" data-element_type=\"column\" data-e-type=\"column\">\n\t\t\t<div class=\"elementor-widget-wrap elementor-element-populated\">\n\t\t\t\t\t\t<div class=\"elementor-element elementor-element-8f4b0af elementor-widget elementor-widget-kd-text-media\" data-id=\"8f4b0af\" data-element_type=\"widget\" data-e-type=\"widget\" data-widget_type=\"kd-text-media.default\">\n\t\t\t\t<div class=\"elementor-widget-container\">\n\t\t\t\t\t\n\n<!-- Widget Start -->\n\n\n<section class=\"flex flex-col bg-none  mt-6 lg:mt-9 mb-6 lg:mb-9\">\n    <div class=\"max-w-ts-content w-screen mx-auto px-4\">\n        <div class=\"grid grid-cols-1 mini:grid-cols-2 gap-4\">\n            <div class=\"order-2 mini:order-1\">\n                <!-- Headline & Text -->\n                                    <div class=\"mx-auto text-left\">\n                        <h2 class=\"font-bold text-black h2\">Campagne pour un dos en bonne sant\u00e9<\/h2>                    <\/div>\n                                <div class=\"flex flex-col [&>p]:my-2 mb-2  text-black   text-left\">\n                    <p>Dans un monde o\u00f9 l'activit\u00e9 physique et la sant\u00e9 au travail prennent de plus en plus d'importance, il y a une bonne nouvelle : des produits s\u00e9lectionn\u00e9s ont \u00e9t\u00e9 test\u00e9s par l'AGR et ont re\u00e7u le label de qualit\u00e9 \u00ab Test\u00e9 et recommand\u00e9 \u00bb.<\/p><p>Mais qui est r\u00e9ellement l'AGR ? Aktion Gesunder R\u00fccken (AGR) e. V. est une association ind\u00e9pendante qui a pour objectif de promouvoir la sant\u00e9 du dos. \u00c0 cette fin, l'AGR a d\u00e9velopp\u00e9 le label de qualit\u00e9 \u00ab Test\u00e9 et recommand\u00e9 \u00bb afin d'aider les consommateurs dans leur choix. Seuls les produits class\u00e9s comme \u00ab adapt\u00e9s au dos \u00bb obtiennent ce label. Pour cette \u00e9valuation, une commission d'examen ind\u00e9pendante compos\u00e9e de m\u00e9decins et de th\u00e9rapeutes de diff\u00e9rentes sp\u00e9cialit\u00e9s se r\u00e9unit et soumet divers produits \u00e0 des crit\u00e8res de test stricts.<\/p>                <\/div>\n                <!-- Button -->\n                            <\/div>\n            <!-- Bild -->\n            <div class=\"flex justify-center mini:order-2 order-1 max-w-130 self-center\">\n                                    <img fetchpriority=\"high\" decoding=\"async\" width=\"3070\" height=\"1535\" src=\"https:\/\/www.topstar-werksverkauf.de\/wp-content\/uploads\/2026\/02\/AGR-Logo-fr.png\" class=\"rounded-2xl object-cover size-full object-center\" alt=\"\" srcset=\"https:\/\/www.topstar-werksverkauf.de\/wp-content\/uploads\/2026\/02\/AGR-Logo-fr.png 3070w, https:\/\/www.topstar-werksverkauf.de\/wp-content\/uploads\/2026\/02\/AGR-Logo-fr-1536x768.png 1536w, https:\/\/www.topstar-werksverkauf.de\/wp-content\/uploads\/2026\/02\/AGR-Logo-fr-2048x1024.png 2048w, https:\/\/www.topstar-werksverkauf.de\/wp-content\/uploads\/2026\/02\/AGR-Logo-fr-600x300.png 600w, https:\/\/www.topstar-werksverkauf.de\/wp-content\/uploads\/2026\/02\/AGR-Logo-fr-1640x820.png 1640w, https:\/\/www.topstar-werksverkauf.de\/wp-content\/uploads\/2026\/02\/AGR-Logo-fr-810x405.png 810w, https:\/\/www.topstar-werksverkauf.de\/wp-content\/uploads\/2026\/02\/AGR-Logo-fr-534x267.png 534w, https:\/\/www.topstar-werksverkauf.de\/wp-content\/uploads\/2026\/02\/AGR-Logo-fr-395x198.png 395w, https:\/\/www.topstar-werksverkauf.de\/wp-content\/uploads\/2026\/02\/AGR-Logo-fr-312x156.png 312w, https:\/\/www.topstar-werksverkauf.de\/wp-content\/uploads\/2026\/02\/AGR-Logo-fr-290x145.png 290w\" sizes=\"(max-width: 3070px) 100vw, 3070px\" \/>                            <\/div>\n        <\/div>\n    <\/div>\n<\/section>\n\n<!-- Widget End -->\n\n\t\t\t\t<\/div>\n\t\t\t\t<\/div>\n\t\t\t\t<div class=\"elementor-element elementor-element-48cf8a1 elementor-widget elementor-widget-kd-text\" data-id=\"48cf8a1\" data-element_type=\"widget\" data-e-type=\"widget\" data-widget_type=\"kd-text.default\">\n\t\t\t\t<div class=\"elementor-widget-container\">\n\t\t\t\t\t\n\n<!-- Widget Start -->\n\n<div class=\"max-w-ts-content mx-auto px-4  mt-6 lg:mt-9 mb-6 lg:mb-9\">\n                <p>Avec nos mod\u00e8les certifi\u00e9s AGR, vous pouvez ainsi choisir consciemment l'\u00e9l\u00e9ment le plus important pour cr\u00e9er un environnement de travail sain. Notre technologie Sitness unique garantit une assise tridimensionnelle. La libert\u00e9 de mouvement dans toutes les directions permet une assise plus active, ce qui sollicite et fait travailler inconsciemment les muscles du dos, pr\u00e9venant ainsi les maux de dos.<\/p>    <\/div>\n\n\n<!-- Widget End -->\n\n\t\t\t\t<\/div>\n\t\t\t\t<\/div>\n\t\t\t\t\t<\/div>\n\t\t<\/div>\n\t\t\t\t\t<\/div>\n\t\t<\/section>\n\t\t\t\t<section class=\"elementor-section elementor-top-section elementor-element elementor-element-829e9a1 elementor-section-boxed elementor-section-height-default elementor-section-height-default\" data-id=\"829e9a1\" data-element_type=\"section\" data-e-type=\"section\">\n\t\t\t\t\t\t<div class=\"elementor-container elementor-column-gap-default\">\n\t\t\t\t\t<div class=\"elementor-column elementor-col-100 elementor-top-column elementor-element elementor-element-1935e23\" data-id=\"1935e23\" data-element_type=\"column\" data-e-type=\"column\">\n\t\t\t<div class=\"elementor-widget-wrap elementor-element-populated\">\n\t\t\t\t\t\t<div class=\"elementor-element elementor-element-1f89ada elementor-widget elementor-widget-kd-hightlight-products\" data-id=\"1f89ada\" data-element_type=\"widget\" data-e-type=\"widget\" data-widget_type=\"kd-hightlight-products.default\">\n\t\t\t\t<div class=\"elementor-widget-container\">\n\t\t\t\t\t\n\n<!-- Widget Start -->\n\n\n\n<!-- Widget End -->\n\n\t\t\t\t<\/div>\n\t\t\t\t<\/div>\n\t\t\t\t\t<\/div>\n\t\t<\/div>\n\t\t\t\t\t<\/div>\n\t\t<\/section>\n\t\t\t\t<\/div>\n\t\t","protected":false},"excerpt":{"rendered":"<p>Campagne pour un dos en bonne sant\u00e9 p]:my-2 mb-2 text-black text-left\u00a0\u00bb&gt; Dans un monde o\u00f9 l&rsquo;activit\u00e9 physique et la sant\u00e9 au travail prennent de plus en plus d&rsquo;importance, il y a une bonne nouvelle : des produits s\u00e9lectionn\u00e9s ont \u00e9t\u00e9 test\u00e9s par l&rsquo;AGR et ont re\u00e7u le label de qualit\u00e9 \u00ab Test\u00e9 et recommand\u00e9 \u00bb. [&hellip;]<\/p>\n","protected":false},"author":9,"featured_media":0,"parent":0,"menu_order":0,"comment_status":"closed","ping_status":"closed","template":"","meta":{"_acf_changed":false,"footnotes":""},"categories":[],"tags":[],"class_list":["post-5197","page","type-page","status-publish","hentry"],"acf":[],"_links":{"self":[{"href":"https:\/\/www.topstar-werksverkauf.de\/fr\/wp-json\/wp\/v2\/pages\/5197","targetHints":{"allow":["GET"]}}],"collection":[{"href":"https:\/\/www.topstar-werksverkauf.de\/fr\/wp-json\/wp\/v2\/pages"}],"about":[{"href":"https:\/\/www.topstar-werksverkauf.de\/fr\/wp-json\/wp\/v2\/types\/page"}],"author":[{"embeddable":true,"href":"https:\/\/www.topstar-werksverkauf.de\/fr\/wp-json\/wp\/v2\/users\/9"}],"replies":[{"embeddable":true,"href":"https:\/\/www.topstar-werksverkauf.de\/fr\/wp-json\/wp\/v2\/comments?post=5197"}],"version-history":[{"count":5,"href":"https:\/\/www.topstar-werksverkauf.de\/fr\/wp-json\/wp\/v2\/pages\/5197\/revisions"}],"predecessor-version":[{"id":68254,"href":"https:\/\/www.topstar-werksverkauf.de\/fr\/wp-json\/wp\/v2\/pages\/5197\/revisions\/68254"}],"wp:attachment":[{"href":"https:\/\/www.topstar-werksverkauf.de\/fr\/wp-json\/wp\/v2\/media?parent=5197"}],"wp:term":[{"taxonomy":"category","embeddable":true,"href":"https:\/\/www.topstar-werksverkauf.de\/fr\/wp-json\/wp\/v2\/categories?post=5197"},{"taxonomy":"post_tag","embeddable":true,"href":"https:\/\/www.topstar-werksverkauf.de\/fr\/wp-json\/wp\/v2\/tags?post=5197"}],"curies":[{"name":"wp","href":"https:\/\/api.w.org\/{rel}","templated":true}]}}