{"id":5224,"date":"2025-11-10T15:35:16","date_gmt":"2025-11-10T14:35:16","guid":{"rendered":"https:\/\/staging.topstar-werksverkauf.de\/?page_id=5224"},"modified":"2026-03-18T09:38:38","modified_gmt":"2026-03-18T08:38:38","slug":"durabilite","status":"publish","type":"page","link":"https:\/\/www.topstar-werksverkauf.de\/fr\/durabilite\/","title":{"rendered":"Durabilit\u00e9"},"content":{"rendered":"\t\t<div data-elementor-type=\"wp-page\" data-elementor-id=\"5224\" class=\"elementor elementor-5224 elementor-1284\" data-elementor-post-type=\"page\">\n\t\t\t\t\t\t<section class=\"elementor-section elementor-top-section elementor-element elementor-element-5b073f4 elementor-section-boxed elementor-section-height-default elementor-section-height-default\" data-id=\"5b073f4\" data-element_type=\"section\" data-e-type=\"section\">\n\t\t\t\t\t\t<div class=\"elementor-container elementor-column-gap-default\">\n\t\t\t\t\t<div class=\"elementor-column elementor-col-100 elementor-top-column elementor-element elementor-element-3171090\" data-id=\"3171090\" data-element_type=\"column\" data-e-type=\"column\">\n\t\t\t<div class=\"elementor-widget-wrap elementor-element-populated\">\n\t\t\t\t\t\t<div class=\"elementor-element elementor-element-e9a9902 elementor-widget elementor-widget-kd-stage\" data-id=\"e9a9902\" data-element_type=\"widget\" data-e-type=\"widget\" data-widget_type=\"kd-stage.default\">\n\t\t\t\t<div class=\"elementor-widget-container\">\n\t\t\t\t\t\n\n<!-- Widget Start -->\n\n\n<kd-stage-slider\n    element-id=\"stage-69d2535d5c7f0\"\n    :autoplay=\"true\">\n                    <div class=\"relative min-h-[85vh] md:min-h-80\" >\n                                                <img decoding=\"async\" src=\"https:\/\/www.topstar-werksverkauf.de\/wp-content\/uploads\/2026\/02\/Buehne-Nachhaltigkeit-3840x1440.png\" class=\"hidden md:block size-full object-cover object-right absolute inset-0\" alt=\"\">\n                                    <img decoding=\"async\" src=\"https:\/\/www.topstar-werksverkauf.de\/wp-content\/uploads\/2026\/02\/Buehne-mobile-Nachhaltigkeit.png\" class=\"md:hidden size-full object-cover object-center absolute inset-0\" alt=\"\">\n                                        <div class=\"relative z-10 max-w-ts-content mx-auto p-4 gap-4 mini:gap-8 flex flex-col justify-center items-start mini:flex-row mini:justify-start mini:items-center min-h-[85vh] md:min-h-80 \">\n                <!-- Weisse Box -->\n                                <!-- Schwarzer Kreis -->\n                            <\/div>\n        <\/div>\n    <\/kd-stage-slider>\n\n\n<!-- Widget End -->\n\n\t\t\t\t<\/div>\n\t\t\t\t<\/div>\n\t\t\t\t<div class=\"elementor-element elementor-element-2a23e21 elementor-widget elementor-widget-kd-text\" data-id=\"2a23e21\" data-element_type=\"widget\" data-e-type=\"widget\" data-widget_type=\"kd-text.default\">\n\t\t\t\t<div class=\"elementor-widget-container\">\n\t\t\t\t\t\n\n<!-- Widget Start -->\n\n<div class=\"max-w-ts-content mx-auto px-4  mt-6 lg:mt-9 mb-6 lg:mb-9\">\n    <h1 class=\" text-black h1\">Nous faisons avancer la durabilit\u00e9<\/h1>            <p>\u00a0<\/p><p>Pour nous, la durabilit\u00e9 n'est pas une tendance, mais un esprit d\u2019entreprise. Dans toutes nos activit\u00e9s, nous mettons d\u00e9lib\u00e9r\u00e9ment l'accent sur la dimension \u00e9conomique de la durabilit\u00e9, non pas parce que l'\u00e9cologie et les questions sociales nous importent moins, mais parce que nous sommes convaincus que seule une interaction \u00e9quilibr\u00e9e entre l'\u00e9conomie, l'\u00e9cologie et le social peut cr\u00e9er une durabilit\u00e9 r\u00e9elle et \u00e0 long terme.<\/p><p>L'activit\u00e9 \u00e9conomique constitue la base d'emplois stables, d'investissements tourn\u00e9s vers l'avenir et d'un d\u00e9veloppement continu de nos processus. Cette stabilit\u00e9 \u00e9conomique nous permet \u00e0 son tour d'utiliser des technologies respectueuses de l'environnement, de pr\u00e9server les ressources et d'assumer notre responsabilit\u00e9 sociale.<\/p><p>Pour nous, une gestion durable signifie cro\u00eetre de mani\u00e8re consciente et responsable, en gardant un \u0153il sur l'avenir. C'est pourquoi nous prenons des d\u00e9cisions qui sont \u00e0 la fois \u00e9conomiquement judicieuses mais en m\u00eame temps acceptables sur les plans \u00e9cologique et social. Ce n'est qu'ainsi que nous pouvons construire ensemble un avenir durable \u2013 pour notre entreprise, nos employ\u00e9s et la soci\u00e9t\u00e9.<\/p>    <\/div>\n\n\n<!-- Widget End -->\n\n\t\t\t\t<\/div>\n\t\t\t\t<\/div>\n\t\t\t\t<div class=\"elementor-element elementor-element-2633e0f elementor-widget elementor-widget-kd-text-media\" data-id=\"2633e0f\" data-element_type=\"widget\" data-e-type=\"widget\" data-widget_type=\"kd-text-media.default\">\n\t\t\t\t<div class=\"elementor-widget-container\">\n\t\t\t\t\t\n\n<!-- Widget Start -->\n\n\n<section class=\"flex flex-col bg-none  mt-6 lg:mt-9 mb-6 lg:mb-9\">\n    <div class=\"max-w-ts-content w-screen mx-auto px-4\">\n        <div class=\"grid grid-cols-1 mini:grid-cols-2 gap-4\">\n            <div class=\"order-2 mini:order-1\">\n                <!-- Headline & Text -->\n                                    <div class=\"mx-auto text-left\">\n                        <h2 class=\"font-bold text-black h2\">Notre strat\u00e9gie en mati\u00e8re de d\u00e9veloppement durable<\/h2>                    <\/div>\n                                <div class=\"flex flex-col [&>p]:my-2 mb-2  text-black   text-left\">\n                    <p>\u00c0 travers les objectifs et les mesures formul\u00e9s en mati\u00e8re de d\u00e9veloppement durable, nous voulons nous assurer que Topstar continue \u00e0 avancer sur la voie qu'elle s'est trac\u00e9e en tant qu'entreprise responsable. Nous sommes conscients que nos produits ont, tout au long de la cha\u00eene de valeur, des r\u00e9percussions non seulement positives, mais aussi n\u00e9gatives sur nos parties prenantes, tant sur le plan \u00e9cologique que social. Nous avons pu identifier ces parties prenantes et leurs influences r\u00e9ciproques gr\u00e2ce \u00e0 des analyses d\u00e9taill\u00e9es. Nous nous sommes fix\u00e9s pour objectif d'am\u00e9liorer \u00e0 long terme et surtout de mani\u00e8re durable la performance en mati\u00e8re de d\u00e9veloppement durable de toutes nos activit\u00e9s et de celles des acteurs concern\u00e9s.<\/p>                <\/div>\n                <!-- Button -->\n                            <\/div>\n            <!-- Bild -->\n            <div class=\"flex justify-center mini:order-2 order-1 max-w-130 self-center\">\n                                    <img fetchpriority=\"high\" decoding=\"async\" width=\"3840\" height=\"1920\" src=\"https:\/\/www.topstar-werksverkauf.de\/wp-content\/uploads\/2026\/01\/Nachhaltigkeit-Industrie-4.0-3840x1920.png\" class=\"rounded-2xl object-cover size-full object-center\" alt=\"\" srcset=\"https:\/\/www.topstar-werksverkauf.de\/wp-content\/uploads\/2026\/01\/Nachhaltigkeit-Industrie-4.0-3840x1920.png 3840w, https:\/\/www.topstar-werksverkauf.de\/wp-content\/uploads\/2026\/01\/Nachhaltigkeit-Industrie-4.0-1536x768.png 1536w, https:\/\/www.topstar-werksverkauf.de\/wp-content\/uploads\/2026\/01\/Nachhaltigkeit-Industrie-4.0-2048x1024.png 2048w, https:\/\/www.topstar-werksverkauf.de\/wp-content\/uploads\/2026\/01\/Nachhaltigkeit-Industrie-4.0-600x300.png 600w, https:\/\/www.topstar-werksverkauf.de\/wp-content\/uploads\/2026\/01\/Nachhaltigkeit-Industrie-4.0-1640x820.png 1640w, https:\/\/www.topstar-werksverkauf.de\/wp-content\/uploads\/2026\/01\/Nachhaltigkeit-Industrie-4.0-810x405.png 810w, https:\/\/www.topstar-werksverkauf.de\/wp-content\/uploads\/2026\/01\/Nachhaltigkeit-Industrie-4.0-534x267.png 534w, https:\/\/www.topstar-werksverkauf.de\/wp-content\/uploads\/2026\/01\/Nachhaltigkeit-Industrie-4.0-395x198.png 395w, https:\/\/www.topstar-werksverkauf.de\/wp-content\/uploads\/2026\/01\/Nachhaltigkeit-Industrie-4.0-312x156.png 312w, https:\/\/www.topstar-werksverkauf.de\/wp-content\/uploads\/2026\/01\/Nachhaltigkeit-Industrie-4.0-290x145.png 290w\" sizes=\"(max-width: 3840px) 100vw, 3840px\" \/>                            <\/div>\n        <\/div>\n    <\/div>\n<\/section>\n\n<!-- Widget End -->\n\n\t\t\t\t<\/div>\n\t\t\t\t<\/div>\n\t\t\t\t<div class=\"elementor-element elementor-element-0d6689c elementor-widget elementor-widget-kd-text-media\" data-id=\"0d6689c\" data-element_type=\"widget\" data-e-type=\"widget\" data-widget_type=\"kd-text-media.default\">\n\t\t\t\t<div class=\"elementor-widget-container\">\n\t\t\t\t\t\n\n<!-- Widget Start -->\n\n\n<section class=\"flex flex-col bg-none  mt-6 lg:mt-9 mb-6 lg:mb-9\">\n    <div class=\"max-w-ts-content w-screen mx-auto px-4\">\n        <div class=\"grid grid-cols-1 mini:grid-cols-2 gap-4\">\n            <div class=\"order-2 mini:order-2\">\n                <!-- Headline & Text -->\n                                <div class=\"flex flex-col [&>p]:my-2 mb-2  text-black   text-left\">\n                    <p>Gr\u00e2ce \u00e0 des contacts r\u00e9guliers, des visites personnelles chez les fournisseurs et des audits, nous \u00e9valuons les progr\u00e8s r\u00e9alis\u00e9s dans la mise en \u0153uvre de ces mesures, \u00e9largissons la structure d'information et apportons les ajustements n\u00e9cessaires. De la m\u00eame mani\u00e8re, nous encourageons nos parties prenantes \u00e0 s'impliquer dans nos activit\u00e9s de d\u00e9veloppement durable en nous faisant part de leurs suggestions d'optimisation des produits et des processus, ainsi que de substitution des mat\u00e9riaux. Ainsi, nous pouvons int\u00e9grer dans nos activit\u00e9s les nombreuses exp\u00e9riences acquises dans diff\u00e9rents secteurs et influencer positivement les r\u00e9sultats de nos mesures.<\/p><p>Vous souhaitez en savoir plus sur notre engagement en faveur du d\u00e9veloppement durable?\u00a0<\/p>                <\/div>\n                <!-- Button -->\n                                    <div class=\"mb-2\">\n                        <kd-button href=\"https:\/\/www.topstar.de\/en\/sustainability\/\" :force-new-tab=\"false\" class=\"\" variant=\"black\" title=\"En savoir plus\" type=\"button\">En savoir plus<\/kd-button>                    <\/div>\n                            <\/div>\n            <!-- Bild -->\n            <div class=\"flex justify-center mini:order-1 order-1 max-w-130 self-center\">\n                                    <img decoding=\"async\" width=\"3840\" height=\"1920\" src=\"https:\/\/www.topstar-werksverkauf.de\/wp-content\/uploads\/2026\/01\/Lieferung-3840x1920.png\" class=\"rounded-2xl object-cover size-full object-center\" alt=\"\" srcset=\"https:\/\/www.topstar-werksverkauf.de\/wp-content\/uploads\/2026\/01\/Lieferung-3840x1920.png 3840w, https:\/\/www.topstar-werksverkauf.de\/wp-content\/uploads\/2026\/01\/Lieferung-1536x768.png 1536w, https:\/\/www.topstar-werksverkauf.de\/wp-content\/uploads\/2026\/01\/Lieferung-2048x1024.png 2048w, https:\/\/www.topstar-werksverkauf.de\/wp-content\/uploads\/2026\/01\/Lieferung-600x300.png 600w, https:\/\/www.topstar-werksverkauf.de\/wp-content\/uploads\/2026\/01\/Lieferung-1640x820.png 1640w, https:\/\/www.topstar-werksverkauf.de\/wp-content\/uploads\/2026\/01\/Lieferung-810x405.png 810w, https:\/\/www.topstar-werksverkauf.de\/wp-content\/uploads\/2026\/01\/Lieferung-534x267.png 534w, https:\/\/www.topstar-werksverkauf.de\/wp-content\/uploads\/2026\/01\/Lieferung-395x198.png 395w, https:\/\/www.topstar-werksverkauf.de\/wp-content\/uploads\/2026\/01\/Lieferung-312x156.png 312w, https:\/\/www.topstar-werksverkauf.de\/wp-content\/uploads\/2026\/01\/Lieferung-290x145.png 290w\" sizes=\"(max-width: 3840px) 100vw, 3840px\" \/>                            <\/div>\n        <\/div>\n    <\/div>\n<\/section>\n\n<!-- Widget End -->\n\n\t\t\t\t<\/div>\n\t\t\t\t<\/div>\n\t\t\t\t\t<\/div>\n\t\t<\/div>\n\t\t\t\t\t<\/div>\n\t\t<\/section>\n\t\t\t\t<\/div>\n\t\t","protected":false},"excerpt":{"rendered":"<p>Nous faisons avancer la durabilit\u00e9 \u00a0 Pour nous, la durabilit\u00e9 n&rsquo;est pas une tendance, mais un esprit d\u2019entreprise. Dans toutes nos activit\u00e9s, nous mettons d\u00e9lib\u00e9r\u00e9ment l&rsquo;accent sur la dimension \u00e9conomique de la durabilit\u00e9, non pas parce que l&rsquo;\u00e9cologie et les questions sociales nous importent moins, mais parce que nous sommes convaincus que seule une interaction [&hellip;]<\/p>\n","protected":false},"author":9,"featured_media":0,"parent":0,"menu_order":0,"comment_status":"closed","ping_status":"closed","template":"","meta":{"_acf_changed":false,"footnotes":""},"categories":[],"tags":[],"class_list":["post-5224","page","type-page","status-publish","hentry"],"acf":[],"_links":{"self":[{"href":"https:\/\/www.topstar-werksverkauf.de\/fr\/wp-json\/wp\/v2\/pages\/5224","targetHints":{"allow":["GET"]}}],"collection":[{"href":"https:\/\/www.topstar-werksverkauf.de\/fr\/wp-json\/wp\/v2\/pages"}],"about":[{"href":"https:\/\/www.topstar-werksverkauf.de\/fr\/wp-json\/wp\/v2\/types\/page"}],"author":[{"embeddable":true,"href":"https:\/\/www.topstar-werksverkauf.de\/fr\/wp-json\/wp\/v2\/users\/9"}],"replies":[{"embeddable":true,"href":"https:\/\/www.topstar-werksverkauf.de\/fr\/wp-json\/wp\/v2\/comments?post=5224"}],"version-history":[{"count":5,"href":"https:\/\/www.topstar-werksverkauf.de\/fr\/wp-json\/wp\/v2\/pages\/5224\/revisions"}],"predecessor-version":[{"id":68301,"href":"https:\/\/www.topstar-werksverkauf.de\/fr\/wp-json\/wp\/v2\/pages\/5224\/revisions\/68301"}],"wp:attachment":[{"href":"https:\/\/www.topstar-werksverkauf.de\/fr\/wp-json\/wp\/v2\/media?parent=5224"}],"wp:term":[{"taxonomy":"category","embeddable":true,"href":"https:\/\/www.topstar-werksverkauf.de\/fr\/wp-json\/wp\/v2\/categories?post=5224"},{"taxonomy":"post_tag","embeddable":true,"href":"https:\/\/www.topstar-werksverkauf.de\/fr\/wp-json\/wp\/v2\/tags?post=5224"}],"curies":[{"name":"wp","href":"https:\/\/api.w.org\/{rel}","templated":true}]}}