{"id":108567,"date":"2026-03-17T09:52:30","date_gmt":"2026-03-17T08:52:30","guid":{"rendered":"https:\/\/www.topstar-werksverkauf.de\/p\/dimmbare-usb-monitor-led-lampe-xlayer-art-219154\/"},"modified":"2026-04-03T19:15:52","modified_gmt":"2026-04-03T17:15:52","slug":"lampe-led-usb-a-intensite-variable-pour-ecran-xlayer-ref-219154","status":"publish","type":"product","link":"https:\/\/www.topstar-werksverkauf.de\/fr\/p\/lampe-led-usb-a-intensite-variable-pour-ecran-xlayer-ref-219154\/","title":{"rendered":"Lampe LED USB \u00e0 intensit\u00e9 variable pour \u00e9cran XLayer R\u00e9f. 219154"},"content":{"rendered":"","protected":false},"excerpt":{"rendered":"<p>Lampe LED USB \u00e0 intensit\u00e9 variable pour \u00e9cran de Xlayer<\/p>\n","protected":false},"featured_media":9654,"template":"","meta":{"_acf_changed":false},"product_brand":[],"product_cat":[651],"product_tag":[],"class_list":{"0":"post-108567","1":"product","2":"type-product","3":"status-publish","4":"has-post-thumbnail","6":"product_cat-accessoires","7":"product_shipping_class-accessoires","9":"first","10":"outofstock","11":"sale","12":"taxable","13":"shipping-taxable","14":"purchasable","15":"product-type-simple"},"acf":[],"_links":{"self":[{"href":"https:\/\/www.topstar-werksverkauf.de\/fr\/wp-json\/wp\/v2\/product\/108567","targetHints":{"allow":["GET"]}}],"collection":[{"href":"https:\/\/www.topstar-werksverkauf.de\/fr\/wp-json\/wp\/v2\/product"}],"about":[{"href":"https:\/\/www.topstar-werksverkauf.de\/fr\/wp-json\/wp\/v2\/types\/product"}],"version-history":[{"count":1,"href":"https:\/\/www.topstar-werksverkauf.de\/fr\/wp-json\/wp\/v2\/product\/108567\/revisions"}],"predecessor-version":[{"id":108569,"href":"https:\/\/www.topstar-werksverkauf.de\/fr\/wp-json\/wp\/v2\/product\/108567\/revisions\/108569"}],"wp:featuredmedia":[{"embeddable":true,"href":"https:\/\/www.topstar-werksverkauf.de\/fr\/wp-json\/wp\/v2\/media\/9654"}],"wp:attachment":[{"href":"https:\/\/www.topstar-werksverkauf.de\/fr\/wp-json\/wp\/v2\/media?parent=108567"}],"wp:term":[{"taxonomy":"product_brand","embeddable":true,"href":"https:\/\/www.topstar-werksverkauf.de\/fr\/wp-json\/wp\/v2\/product_brand?post=108567"},{"taxonomy":"product_cat","embeddable":true,"href":"https:\/\/www.topstar-werksverkauf.de\/fr\/wp-json\/wp\/v2\/product_cat?post=108567"},{"taxonomy":"product_tag","embeddable":true,"href":"https:\/\/www.topstar-werksverkauf.de\/fr\/wp-json\/wp\/v2\/product_tag?post=108567"}],"curies":[{"name":"wp","href":"https:\/\/api.w.org\/{rel}","templated":true}]}}