{"id":108575,"date":"2026-03-17T09:52:09","date_gmt":"2026-03-17T08:52:09","guid":{"rendered":"https:\/\/www.topstar-werksverkauf.de\/p\/4smarts-3in1-kabel-forkcord-1-meter-textil-schwarz\/"},"modified":"2026-04-05T10:45:55","modified_gmt":"2026-04-05T08:45:55","slug":"cable-3-en-1-forkcord-1-metre-en-textile-noir-4smarts","status":"publish","type":"product","link":"https:\/\/www.topstar-werksverkauf.de\/fr\/p\/cable-3-en-1-forkcord-1-metre-en-textile-noir-4smarts\/","title":{"rendered":"C\u00e2ble 3 en 1 Forkcord 1 m\u00e8tre en textile noir 4Smarts"},"content":{"rendered":"","protected":false},"excerpt":{"rendered":"<p>C\u00e2ble 3 en 1<\/p>\n","protected":false},"featured_media":9694,"template":"","meta":{"_acf_changed":false},"product_brand":[],"product_cat":[651],"product_tag":[],"class_list":{"0":"post-108575","1":"product","2":"type-product","3":"status-publish","4":"has-post-thumbnail","6":"product_cat-accessoires","7":"product_shipping_class-accessoires","9":"first","10":"instock","11":"sale","12":"taxable","13":"shipping-taxable","14":"purchasable","15":"product-type-simple"},"acf":[],"_links":{"self":[{"href":"https:\/\/www.topstar-werksverkauf.de\/fr\/wp-json\/wp\/v2\/product\/108575","targetHints":{"allow":["GET"]}}],"collection":[{"href":"https:\/\/www.topstar-werksverkauf.de\/fr\/wp-json\/wp\/v2\/product"}],"about":[{"href":"https:\/\/www.topstar-werksverkauf.de\/fr\/wp-json\/wp\/v2\/types\/product"}],"version-history":[{"count":1,"href":"https:\/\/www.topstar-werksverkauf.de\/fr\/wp-json\/wp\/v2\/product\/108575\/revisions"}],"predecessor-version":[{"id":108577,"href":"https:\/\/www.topstar-werksverkauf.de\/fr\/wp-json\/wp\/v2\/product\/108575\/revisions\/108577"}],"wp:featuredmedia":[{"embeddable":true,"href":"https:\/\/www.topstar-werksverkauf.de\/fr\/wp-json\/wp\/v2\/media\/9694"}],"wp:attachment":[{"href":"https:\/\/www.topstar-werksverkauf.de\/fr\/wp-json\/wp\/v2\/media?parent=108575"}],"wp:term":[{"taxonomy":"product_brand","embeddable":true,"href":"https:\/\/www.topstar-werksverkauf.de\/fr\/wp-json\/wp\/v2\/product_brand?post=108575"},{"taxonomy":"product_cat","embeddable":true,"href":"https:\/\/www.topstar-werksverkauf.de\/fr\/wp-json\/wp\/v2\/product_cat?post=108575"},{"taxonomy":"product_tag","embeddable":true,"href":"https:\/\/www.topstar-werksverkauf.de\/fr\/wp-json\/wp\/v2\/product_tag?post=108575"}],"curies":[{"name":"wp","href":"https:\/\/api.w.org\/{rel}","templated":true}]}}