{"id":108599,"date":"2026-03-17T10:33:46","date_gmt":"2026-03-17T09:33:46","guid":{"rendered":"https:\/\/www.topstar-werksverkauf.de\/p\/e-table-home-100x70-cm-weiss-weiss\/"},"modified":"2026-04-04T18:01:35","modified_gmt":"2026-04-04T16:01:35","slug":"table-electrique-home-100-x-70-cm-blanc-blanc","status":"publish","type":"product","link":"https:\/\/www.topstar-werksverkauf.de\/fr\/p\/table-electrique-home-100-x-70-cm-blanc-blanc\/","title":{"rendered":"Table \u00e9lectrique Home 100 x 70 cm blanc\/blanc"},"content":{"rendered":"","protected":false},"excerpt":{"rendered":"<p>Bureau compact et r\u00e9glable en hauteur pour le t\u00e9l\u00e9travail, permettant une position assise ou debout ergonomique.<\/p>\n","protected":false},"featured_media":9780,"template":"","meta":{"_acf_changed":false},"product_brand":[365],"product_cat":[565,779,613,612,793,780],"product_tag":[],"class_list":{"0":"post-108599","1":"product","2":"type-product","3":"status-publish","4":"has-post-thumbnail","6":"product_brand-topstar","7":"product_cat-bureau","8":"product_cat-marken","9":"product_cat-table","10":"product_cat-tables-reglables-electriquement","11":"product_cat-tische","12":"product_cat-topstar","13":"product_shipping_class-livraison-par-colis","15":"first","16":"outofstock","17":"sale","18":"taxable","19":"shipping-taxable","20":"purchasable","21":"product-type-simple"},"acf":[],"_links":{"self":[{"href":"https:\/\/www.topstar-werksverkauf.de\/fr\/wp-json\/wp\/v2\/product\/108599","targetHints":{"allow":["GET"]}}],"collection":[{"href":"https:\/\/www.topstar-werksverkauf.de\/fr\/wp-json\/wp\/v2\/product"}],"about":[{"href":"https:\/\/www.topstar-werksverkauf.de\/fr\/wp-json\/wp\/v2\/types\/product"}],"version-history":[{"count":1,"href":"https:\/\/www.topstar-werksverkauf.de\/fr\/wp-json\/wp\/v2\/product\/108599\/revisions"}],"predecessor-version":[{"id":108601,"href":"https:\/\/www.topstar-werksverkauf.de\/fr\/wp-json\/wp\/v2\/product\/108599\/revisions\/108601"}],"wp:featuredmedia":[{"embeddable":true,"href":"https:\/\/www.topstar-werksverkauf.de\/fr\/wp-json\/wp\/v2\/media\/9780"}],"wp:attachment":[{"href":"https:\/\/www.topstar-werksverkauf.de\/fr\/wp-json\/wp\/v2\/media?parent=108599"}],"wp:term":[{"taxonomy":"product_brand","embeddable":true,"href":"https:\/\/www.topstar-werksverkauf.de\/fr\/wp-json\/wp\/v2\/product_brand?post=108599"},{"taxonomy":"product_cat","embeddable":true,"href":"https:\/\/www.topstar-werksverkauf.de\/fr\/wp-json\/wp\/v2\/product_cat?post=108599"},{"taxonomy":"product_tag","embeddable":true,"href":"https:\/\/www.topstar-werksverkauf.de\/fr\/wp-json\/wp\/v2\/product_tag?post=108599"}],"curies":[{"name":"wp","href":"https:\/\/api.w.org\/{rel}","templated":true}]}}