{"id":108671,"date":"2026-03-17T10:36:59","date_gmt":"2026-03-17T09:36:59","guid":{"rendered":"https:\/\/www.topstar-werksverkauf.de\/p\/armlehnen-p4-passend-zu-head-point-sy\/"},"modified":"2026-04-05T12:47:10","modified_gmt":"2026-04-05T10:47:10","slug":"accoudoirs-p4-adaptes-a-head-point-sy","status":"publish","type":"product","link":"https:\/\/www.topstar-werksverkauf.de\/fr\/p\/accoudoirs-p4-adaptes-a-head-point-sy\/","title":{"rendered":"Accoudoirs P4, adapt\u00e9s \u00e0 Head Point SY"},"content":{"rendered":"","protected":false},"excerpt":{"rendered":"<p>Accoudoirs r\u00e9glables en hauteur \u00ab P4 \u00bb<\/p>\n","protected":false},"featured_media":9989,"template":"","meta":{"_acf_changed":false},"product_brand":[365],"product_cat":[651,778,779,780],"product_tag":[],"class_list":{"0":"post-108671","1":"product","2":"type-product","3":"status-publish","4":"has-post-thumbnail","6":"product_brand-topstar","7":"product_cat-accessoires","8":"product_cat-ersatzteile","9":"product_cat-marken","10":"product_cat-topstar","11":"product_shipping_class-accessoires","13":"first","14":"instock","15":"sale","16":"taxable","17":"shipping-taxable","18":"purchasable","19":"product-type-simple"},"acf":[],"_links":{"self":[{"href":"https:\/\/www.topstar-werksverkauf.de\/fr\/wp-json\/wp\/v2\/product\/108671","targetHints":{"allow":["GET"]}}],"collection":[{"href":"https:\/\/www.topstar-werksverkauf.de\/fr\/wp-json\/wp\/v2\/product"}],"about":[{"href":"https:\/\/www.topstar-werksverkauf.de\/fr\/wp-json\/wp\/v2\/types\/product"}],"version-history":[{"count":1,"href":"https:\/\/www.topstar-werksverkauf.de\/fr\/wp-json\/wp\/v2\/product\/108671\/revisions"}],"predecessor-version":[{"id":108673,"href":"https:\/\/www.topstar-werksverkauf.de\/fr\/wp-json\/wp\/v2\/product\/108671\/revisions\/108673"}],"wp:featuredmedia":[{"embeddable":true,"href":"https:\/\/www.topstar-werksverkauf.de\/fr\/wp-json\/wp\/v2\/media\/9989"}],"wp:attachment":[{"href":"https:\/\/www.topstar-werksverkauf.de\/fr\/wp-json\/wp\/v2\/media?parent=108671"}],"wp:term":[{"taxonomy":"product_brand","embeddable":true,"href":"https:\/\/www.topstar-werksverkauf.de\/fr\/wp-json\/wp\/v2\/product_brand?post=108671"},{"taxonomy":"product_cat","embeddable":true,"href":"https:\/\/www.topstar-werksverkauf.de\/fr\/wp-json\/wp\/v2\/product_cat?post=108671"},{"taxonomy":"product_tag","embeddable":true,"href":"https:\/\/www.topstar-werksverkauf.de\/fr\/wp-json\/wp\/v2\/product_tag?post=108671"}],"curies":[{"name":"wp","href":"https:\/\/api.w.org\/{rel}","templated":true}]}}