{"id":109044,"date":"2026-03-17T09:16:58","date_gmt":"2026-03-17T08:16:58","guid":{"rendered":"https:\/\/www.topstar-werksverkauf.de\/p\/topstar-new-alu-art\/"},"modified":"2026-04-16T16:12:03","modified_gmt":"2026-04-16T14:12:03","slug":"topstar-new-alu-art","status":"publish","type":"product","link":"https:\/\/www.topstar-werksverkauf.de\/fr\/p\/topstar-new-alu-art\/","title":{"rendered":"Topstar New Alu Art"},"content":{"rendered":"","protected":false},"excerpt":{"rendered":"<p>Le compagnon raffin\u00e9 au quotidien &#8211; \u00c9l\u00e9gant, raffin\u00e9, New Alu Art<\/p>\n","protected":false},"featured_media":10197,"template":"","meta":{"_acf_changed":false},"product_brand":[7917,365],"product_cat":[565,819,609,1705,1098,780],"product_tag":[],"class_list":{"0":"post-109044","1":"product","2":"type-product","3":"status-publish","4":"has-post-thumbnail","6":"product_brand-topstar","8":"product_cat-bureau","9":"product_cat-buerostuhl-home-office","10":"product_cat-chaises-pivotantes","11":"product_cat-design","12":"product_cat-ergonomisch","13":"product_cat-topstar","14":"product_shipping_class-livraison-par-transporteur","16":"first","17":"instock","18":"sale","19":"taxable","20":"shipping-taxable","21":"purchasable","22":"product-type-variable","23":"rtwpvg-product"},"acf":[],"_links":{"self":[{"href":"https:\/\/www.topstar-werksverkauf.de\/fr\/wp-json\/wp\/v2\/product\/109044","targetHints":{"allow":["GET"]}}],"collection":[{"href":"https:\/\/www.topstar-werksverkauf.de\/fr\/wp-json\/wp\/v2\/product"}],"about":[{"href":"https:\/\/www.topstar-werksverkauf.de\/fr\/wp-json\/wp\/v2\/types\/product"}],"version-history":[{"count":1,"href":"https:\/\/www.topstar-werksverkauf.de\/fr\/wp-json\/wp\/v2\/product\/109044\/revisions"}],"predecessor-version":[{"id":109050,"href":"https:\/\/www.topstar-werksverkauf.de\/fr\/wp-json\/wp\/v2\/product\/109044\/revisions\/109050"}],"wp:featuredmedia":[{"embeddable":true,"href":"https:\/\/www.topstar-werksverkauf.de\/fr\/wp-json\/wp\/v2\/media\/10197"}],"wp:attachment":[{"href":"https:\/\/www.topstar-werksverkauf.de\/fr\/wp-json\/wp\/v2\/media?parent=109044"}],"wp:term":[{"taxonomy":"product_brand","embeddable":true,"href":"https:\/\/www.topstar-werksverkauf.de\/fr\/wp-json\/wp\/v2\/product_brand?post=109044"},{"taxonomy":"product_cat","embeddable":true,"href":"https:\/\/www.topstar-werksverkauf.de\/fr\/wp-json\/wp\/v2\/product_cat?post=109044"},{"taxonomy":"product_tag","embeddable":true,"href":"https:\/\/www.topstar-werksverkauf.de\/fr\/wp-json\/wp\/v2\/product_tag?post=109044"}],"curies":[{"name":"wp","href":"https:\/\/api.w.org\/{rel}","templated":true}]}}