{"id":109951,"date":"2026-03-16T17:40:14","date_gmt":"2026-03-16T16:40:14","guid":{"rendered":"https:\/\/www.topstar-werksverkauf.de\/p\/topstar-tec-40\/"},"modified":"2026-04-05T00:17:43","modified_gmt":"2026-04-04T22:17:43","slug":"topstar-tec-40","status":"publish","type":"product","link":"https:\/\/www.topstar-werksverkauf.de\/fr\/p\/topstar-tec-40\/","title":{"rendered":"Topstar Tec 40"},"content":{"rendered":"","protected":false},"excerpt":{"rendered":"<p>Si\u00e8ge de travail pivotant ergonomique avec mousse polyur\u00e9thane r\u00e9sistante<\/p>\n","protected":false},"featured_media":10334,"template":"","meta":{"_acf_changed":false},"product_brand":[365],"product_cat":[630,779,606,780],"product_tag":[],"class_list":{"0":"post-109951","1":"product","2":"type-product","3":"status-publish","4":"has-post-thumbnail","6":"product_brand-topstar","7":"product_cat-chaises-pivotantes-de-travail","8":"product_cat-marken","9":"product_cat-technique","10":"product_cat-topstar","12":"first","13":"instock","14":"sale","15":"taxable","16":"shipping-taxable","17":"purchasable","18":"product-type-variable","19":"rtwpvg-product"},"acf":[],"_links":{"self":[{"href":"https:\/\/www.topstar-werksverkauf.de\/fr\/wp-json\/wp\/v2\/product\/109951","targetHints":{"allow":["GET"]}}],"collection":[{"href":"https:\/\/www.topstar-werksverkauf.de\/fr\/wp-json\/wp\/v2\/product"}],"about":[{"href":"https:\/\/www.topstar-werksverkauf.de\/fr\/wp-json\/wp\/v2\/types\/product"}],"version-history":[{"count":1,"href":"https:\/\/www.topstar-werksverkauf.de\/fr\/wp-json\/wp\/v2\/product\/109951\/revisions"}],"predecessor-version":[{"id":109957,"href":"https:\/\/www.topstar-werksverkauf.de\/fr\/wp-json\/wp\/v2\/product\/109951\/revisions\/109957"}],"wp:featuredmedia":[{"embeddable":true,"href":"https:\/\/www.topstar-werksverkauf.de\/fr\/wp-json\/wp\/v2\/media\/10334"}],"wp:attachment":[{"href":"https:\/\/www.topstar-werksverkauf.de\/fr\/wp-json\/wp\/v2\/media?parent=109951"}],"wp:term":[{"taxonomy":"product_brand","embeddable":true,"href":"https:\/\/www.topstar-werksverkauf.de\/fr\/wp-json\/wp\/v2\/product_brand?post=109951"},{"taxonomy":"product_cat","embeddable":true,"href":"https:\/\/www.topstar-werksverkauf.de\/fr\/wp-json\/wp\/v2\/product_cat?post=109951"},{"taxonomy":"product_tag","embeddable":true,"href":"https:\/\/www.topstar-werksverkauf.de\/fr\/wp-json\/wp\/v2\/product_tag?post=109951"}],"curies":[{"name":"wp","href":"https:\/\/api.w.org\/{rel}","templated":true}]}}