{"id":110840,"date":"2026-03-17T02:15:00","date_gmt":"2026-03-17T01:15:00","guid":{"rendered":"https:\/\/www.topstar-werksverkauf.de\/p\/sitness-high-bob\/"},"modified":"2026-04-04T09:48:54","modified_gmt":"2026-04-04T07:48:54","slug":"sitness-high-bob","status":"publish","type":"product","link":"https:\/\/www.topstar-werksverkauf.de\/fr\/p\/sitness-high-bob\/","title":{"rendered":"Sitness High Bob"},"content":{"rendered":"","protected":false},"excerpt":{"rendered":"<p>Une assise mobile \u00e0 360 degr\u00e9s diff\u00e9rente<\/p>\n","protected":false},"featured_media":10462,"template":"","meta":{"_acf_changed":false},"product_brand":[5699],"product_cat":[631,749,750,610,606],"product_tag":[],"class_list":{"0":"post-110840","1":"product","2":"type-product","3":"status-publish","4":"has-post-thumbnail","6":"product_brand-sitness","7":"product_cat-aides","8":"product_cat-bewegte-stuehle","9":"product_cat-sitness","10":"product_cat-tabouret","11":"product_cat-technique","13":"first","14":"instock","15":"sale","16":"taxable","17":"shipping-taxable","18":"purchasable","19":"product-type-variable","20":"rtwpvg-product"},"acf":[],"_links":{"self":[{"href":"https:\/\/www.topstar-werksverkauf.de\/fr\/wp-json\/wp\/v2\/product\/110840","targetHints":{"allow":["GET"]}}],"collection":[{"href":"https:\/\/www.topstar-werksverkauf.de\/fr\/wp-json\/wp\/v2\/product"}],"about":[{"href":"https:\/\/www.topstar-werksverkauf.de\/fr\/wp-json\/wp\/v2\/types\/product"}],"version-history":[{"count":1,"href":"https:\/\/www.topstar-werksverkauf.de\/fr\/wp-json\/wp\/v2\/product\/110840\/revisions"}],"predecessor-version":[{"id":110870,"href":"https:\/\/www.topstar-werksverkauf.de\/fr\/wp-json\/wp\/v2\/product\/110840\/revisions\/110870"}],"wp:featuredmedia":[{"embeddable":true,"href":"https:\/\/www.topstar-werksverkauf.de\/fr\/wp-json\/wp\/v2\/media\/10462"}],"wp:attachment":[{"href":"https:\/\/www.topstar-werksverkauf.de\/fr\/wp-json\/wp\/v2\/media?parent=110840"}],"wp:term":[{"taxonomy":"product_brand","embeddable":true,"href":"https:\/\/www.topstar-werksverkauf.de\/fr\/wp-json\/wp\/v2\/product_brand?post=110840"},{"taxonomy":"product_cat","embeddable":true,"href":"https:\/\/www.topstar-werksverkauf.de\/fr\/wp-json\/wp\/v2\/product_cat?post=110840"},{"taxonomy":"product_tag","embeddable":true,"href":"https:\/\/www.topstar-werksverkauf.de\/fr\/wp-json\/wp\/v2\/product_tag?post=110840"}],"curies":[{"name":"wp","href":"https:\/\/api.w.org\/{rel}","templated":true}]}}