{"id":111554,"date":"2026-03-17T02:29:44","date_gmt":"2026-03-17T01:29:44","guid":{"rendered":"https:\/\/www.topstar-werksverkauf.de\/p\/wagner-alumedic-10-2\/"},"modified":"2026-05-04T14:19:48","modified_gmt":"2026-05-04T12:19:48","slug":"wagner-alumedic-10","status":"publish","type":"product","link":"https:\/\/www.topstar-werksverkauf.de\/fr\/p\/wagner-alumedic-10\/","title":{"rendered":"Wagner AluMedic 10"},"content":{"rendered":"","protected":false},"excerpt":{"rendered":"<p>La beaut\u00e9 et l&rsquo;esth\u00e9tique sont intemporelles, tout comme notre mod\u00e8le polyvalent AluMedic, qui offre une variante adapt\u00e9e \u00e0 chaque personnalit\u00e9.<\/p>\n","protected":false},"featured_media":10598,"template":"","meta":{"_acf_changed":false},"product_brand":[366],"product_cat":[749,565,819,608,1705,1098,980],"product_tag":[],"class_list":{"0":"post-111554","1":"product","2":"type-product","3":"status-publish","4":"has-post-thumbnail","6":"product_brand-wagner","7":"product_cat-bewegte-stuehle","8":"product_cat-bureau","9":"product_cat-buerostuhl-home-office","10":"product_cat-chaises-de-bureau-assise-dynamique","11":"product_cat-design","12":"product_cat-ergonomisch","13":"product_cat-wagner","15":"first","16":"instock","17":"sale","18":"taxable","19":"shipping-taxable","20":"purchasable","21":"product-type-variable","22":"rtwpvg-product"},"acf":[],"_links":{"self":[{"href":"https:\/\/www.topstar-werksverkauf.de\/fr\/wp-json\/wp\/v2\/product\/111554","targetHints":{"allow":["GET"]}}],"collection":[{"href":"https:\/\/www.topstar-werksverkauf.de\/fr\/wp-json\/wp\/v2\/product"}],"about":[{"href":"https:\/\/www.topstar-werksverkauf.de\/fr\/wp-json\/wp\/v2\/types\/product"}],"version-history":[{"count":1,"href":"https:\/\/www.topstar-werksverkauf.de\/fr\/wp-json\/wp\/v2\/product\/111554\/revisions"}],"predecessor-version":[{"id":111608,"href":"https:\/\/www.topstar-werksverkauf.de\/fr\/wp-json\/wp\/v2\/product\/111554\/revisions\/111608"}],"wp:featuredmedia":[{"embeddable":true,"href":"https:\/\/www.topstar-werksverkauf.de\/fr\/wp-json\/wp\/v2\/media\/10598"}],"wp:attachment":[{"href":"https:\/\/www.topstar-werksverkauf.de\/fr\/wp-json\/wp\/v2\/media?parent=111554"}],"wp:term":[{"taxonomy":"product_brand","embeddable":true,"href":"https:\/\/www.topstar-werksverkauf.de\/fr\/wp-json\/wp\/v2\/product_brand?post=111554"},{"taxonomy":"product_cat","embeddable":true,"href":"https:\/\/www.topstar-werksverkauf.de\/fr\/wp-json\/wp\/v2\/product_cat?post=111554"},{"taxonomy":"product_tag","embeddable":true,"href":"https:\/\/www.topstar-werksverkauf.de\/fr\/wp-json\/wp\/v2\/product_tag?post=111554"}],"curies":[{"name":"wp","href":"https:\/\/api.w.org\/{rel}","templated":true}]}}