{"id":111631,"date":"2026-03-17T02:30:42","date_gmt":"2026-03-17T01:30:42","guid":{"rendered":"https:\/\/www.topstar-werksverkauf.de\/p\/wagner-alumedic-10-mit-ledersitzflaeche\/"},"modified":"2026-04-05T10:35:55","modified_gmt":"2026-04-05T08:35:55","slug":"wagner-alumedic-10-avec-assise-en-cuir","status":"publish","type":"product","link":"https:\/\/www.topstar-werksverkauf.de\/fr\/p\/wagner-alumedic-10-avec-assise-en-cuir\/","title":{"rendered":"Wagner AluMedic 10 avec assise en cuir"},"content":{"rendered":"","protected":false},"excerpt":{"rendered":"<p>La beaut\u00e9 et l&rsquo;esth\u00e9tique sont intemporelles, tout comme notre mod\u00e8le polyvalent AluMedic, qui propose une version adapt\u00e9e \u00e0 chaque personnalit\u00e9.<\/p>\n","protected":false},"featured_media":24190,"template":"","meta":{"_acf_changed":false},"product_brand":[366,7919],"product_cat":[749,565,608,609,1705,1098,980],"product_tag":[],"class_list":{"0":"post-111631","1":"product","2":"type-product","3":"status-publish","4":"has-post-thumbnail","6":"product_brand-wagner","8":"product_cat-bewegte-stuehle","9":"product_cat-bureau","10":"product_cat-chaise-pivotantes-mobile","11":"product_cat-chaises-pivotantes","12":"product_cat-design","13":"product_cat-ergonomisch","14":"product_cat-wagner","16":"first","17":"outofstock","18":"taxable","19":"shipping-taxable","20":"product-type-variable","21":"rtwpvg-product"},"acf":[],"_links":{"self":[{"href":"https:\/\/www.topstar-werksverkauf.de\/fr\/wp-json\/wp\/v2\/product\/111631","targetHints":{"allow":["GET"]}}],"collection":[{"href":"https:\/\/www.topstar-werksverkauf.de\/fr\/wp-json\/wp\/v2\/product"}],"about":[{"href":"https:\/\/www.topstar-werksverkauf.de\/fr\/wp-json\/wp\/v2\/types\/product"}],"version-history":[{"count":1,"href":"https:\/\/www.topstar-werksverkauf.de\/fr\/wp-json\/wp\/v2\/product\/111631\/revisions"}],"predecessor-version":[{"id":111654,"href":"https:\/\/www.topstar-werksverkauf.de\/fr\/wp-json\/wp\/v2\/product\/111631\/revisions\/111654"}],"wp:featuredmedia":[{"embeddable":true,"href":"https:\/\/www.topstar-werksverkauf.de\/fr\/wp-json\/wp\/v2\/media\/24190"}],"wp:attachment":[{"href":"https:\/\/www.topstar-werksverkauf.de\/fr\/wp-json\/wp\/v2\/media?parent=111631"}],"wp:term":[{"taxonomy":"product_brand","embeddable":true,"href":"https:\/\/www.topstar-werksverkauf.de\/fr\/wp-json\/wp\/v2\/product_brand?post=111631"},{"taxonomy":"product_cat","embeddable":true,"href":"https:\/\/www.topstar-werksverkauf.de\/fr\/wp-json\/wp\/v2\/product_cat?post=111631"},{"taxonomy":"product_tag","embeddable":true,"href":"https:\/\/www.topstar-werksverkauf.de\/fr\/wp-json\/wp\/v2\/product_tag?post=111631"}],"curies":[{"name":"wp","href":"https:\/\/api.w.org\/{rel}","templated":true}]}}