{"id":113450,"date":"2026-03-17T02:11:15","date_gmt":"2026-03-17T01:11:15","guid":{"rendered":"https:\/\/www.topstar-werksverkauf.de\/p\/sitness-urban-oslo-7-2\/"},"modified":"2026-04-16T16:12:40","modified_gmt":"2026-04-16T14:12:40","slug":"sitness-urban-oslo-7-2","status":"publish","type":"product","link":"https:\/\/www.topstar-werksverkauf.de\/fr\/p\/sitness-urban-oslo-7-2\/","title":{"rendered":"Sitness Urban Oslo 7.2"},"content":{"rendered":"","protected":false},"excerpt":{"rendered":"<p>Le Sitness Oslo 7.2 est un tabouret de bar classique dot\u00e9 d&rsquo;une coque d&rsquo;assise Sitness moderne et organique avec un dossier sugg\u00e9r\u00e9.<\/p>\n","protected":false},"featured_media":11208,"template":"","meta":{"_acf_changed":false},"product_brand":[5699,7921],"product_cat":[749,620,604,750,622],"product_tag":[],"class_list":{"0":"post-113450","1":"product","2":"type-product","3":"status-publish","4":"has-post-thumbnail","6":"product_brand-sitness","8":"product_cat-bewegte-stuehle","9":"product_cat-chaises-de-salle-a-manger","10":"product_cat-habitat","11":"product_cat-sitness","12":"product_cat-tabouret-de-bar","14":"first","15":"instock","16":"sale","17":"taxable","18":"shipping-taxable","19":"purchasable","20":"product-type-variable","21":"rtwpvg-product"},"acf":[],"_links":{"self":[{"href":"https:\/\/www.topstar-werksverkauf.de\/fr\/wp-json\/wp\/v2\/product\/113450","targetHints":{"allow":["GET"]}}],"collection":[{"href":"https:\/\/www.topstar-werksverkauf.de\/fr\/wp-json\/wp\/v2\/product"}],"about":[{"href":"https:\/\/www.topstar-werksverkauf.de\/fr\/wp-json\/wp\/v2\/types\/product"}],"version-history":[{"count":1,"href":"https:\/\/www.topstar-werksverkauf.de\/fr\/wp-json\/wp\/v2\/product\/113450\/revisions"}],"predecessor-version":[{"id":113455,"href":"https:\/\/www.topstar-werksverkauf.de\/fr\/wp-json\/wp\/v2\/product\/113450\/revisions\/113455"}],"wp:featuredmedia":[{"embeddable":true,"href":"https:\/\/www.topstar-werksverkauf.de\/fr\/wp-json\/wp\/v2\/media\/11208"}],"wp:attachment":[{"href":"https:\/\/www.topstar-werksverkauf.de\/fr\/wp-json\/wp\/v2\/media?parent=113450"}],"wp:term":[{"taxonomy":"product_brand","embeddable":true,"href":"https:\/\/www.topstar-werksverkauf.de\/fr\/wp-json\/wp\/v2\/product_brand?post=113450"},{"taxonomy":"product_cat","embeddable":true,"href":"https:\/\/www.topstar-werksverkauf.de\/fr\/wp-json\/wp\/v2\/product_cat?post=113450"},{"taxonomy":"product_tag","embeddable":true,"href":"https:\/\/www.topstar-werksverkauf.de\/fr\/wp-json\/wp\/v2\/product_tag?post=113450"}],"curies":[{"name":"wp","href":"https:\/\/api.w.org\/{rel}","templated":true}]}}