{"id":114092,"date":"2026-03-17T01:49:42","date_gmt":"2026-03-17T00:49:42","guid":{"rendered":"https:\/\/www.topstar-werksverkauf.de\/p\/topstar-open-chair-100\/"},"modified":"2026-04-15T16:16:24","modified_gmt":"2026-04-15T14:16:24","slug":"topstar-open-chair-100","status":"publish","type":"product","link":"https:\/\/www.topstar-werksverkauf.de\/fr\/p\/topstar-open-chair-100\/","title":{"rendered":"Topstar Open Chair 100"},"content":{"rendered":"","protected":false},"excerpt":{"rendered":"<p>Une dynamique accueillante &#8211; \u00c9l\u00e9gant, d\u00e9contract\u00e9, Open Chair 100<\/p>\n","protected":false},"featured_media":11524,"template":"","meta":{"_acf_changed":false},"product_brand":[365,7917],"product_cat":[627,605,779,780],"product_tag":[],"class_list":{"0":"post-114092","1":"product","2":"type-product","3":"status-publish","4":"has-post-thumbnail","6":"product_brand-topstar","8":"product_cat-chaises-a-bascule","9":"product_cat-chaises-visiteurs","10":"product_cat-marken","11":"product_cat-topstar","13":"first","14":"outofstock","15":"taxable","16":"shipping-taxable","17":"product-type-variable","18":"rtwpvg-product"},"acf":[],"_links":{"self":[{"href":"https:\/\/www.topstar-werksverkauf.de\/fr\/wp-json\/wp\/v2\/product\/114092","targetHints":{"allow":["GET"]}}],"collection":[{"href":"https:\/\/www.topstar-werksverkauf.de\/fr\/wp-json\/wp\/v2\/product"}],"about":[{"href":"https:\/\/www.topstar-werksverkauf.de\/fr\/wp-json\/wp\/v2\/types\/product"}],"version-history":[{"count":1,"href":"https:\/\/www.topstar-werksverkauf.de\/fr\/wp-json\/wp\/v2\/product\/114092\/revisions"}],"predecessor-version":[{"id":114095,"href":"https:\/\/www.topstar-werksverkauf.de\/fr\/wp-json\/wp\/v2\/product\/114092\/revisions\/114095"}],"wp:featuredmedia":[{"embeddable":true,"href":"https:\/\/www.topstar-werksverkauf.de\/fr\/wp-json\/wp\/v2\/media\/11524"}],"wp:attachment":[{"href":"https:\/\/www.topstar-werksverkauf.de\/fr\/wp-json\/wp\/v2\/media?parent=114092"}],"wp:term":[{"taxonomy":"product_brand","embeddable":true,"href":"https:\/\/www.topstar-werksverkauf.de\/fr\/wp-json\/wp\/v2\/product_brand?post=114092"},{"taxonomy":"product_cat","embeddable":true,"href":"https:\/\/www.topstar-werksverkauf.de\/fr\/wp-json\/wp\/v2\/product_cat?post=114092"},{"taxonomy":"product_tag","embeddable":true,"href":"https:\/\/www.topstar-werksverkauf.de\/fr\/wp-json\/wp\/v2\/product_tag?post=114092"}],"curies":[{"name":"wp","href":"https:\/\/api.w.org\/{rel}","templated":true}]}}