{"id":114702,"date":"2026-03-17T02:29:07","date_gmt":"2026-03-17T01:29:07","guid":{"rendered":"https:\/\/www.topstar-werksverkauf.de\/p\/wagner-w3d\/"},"modified":"2026-04-05T10:53:59","modified_gmt":"2026-04-05T08:53:59","slug":"wagner-w3d","status":"publish","type":"product","link":"https:\/\/www.topstar-werksverkauf.de\/fr\/p\/wagner-w3d\/","title":{"rendered":"Wagner W3D"},"content":{"rendered":"","protected":false},"excerpt":{"rendered":"<p>Un design embl\u00e9matique associ\u00e9 \u00e0 une technologie de production r\u00e9volutionnaire<\/p>\n","protected":false},"featured_media":11785,"template":"","meta":{"_acf_changed":false},"product_brand":[366],"product_cat":[749,565,1705,610,980],"product_tag":[],"class_list":{"0":"post-114702","1":"product","2":"type-product","3":"status-publish","4":"has-post-thumbnail","6":"product_brand-wagner","7":"product_cat-bewegte-stuehle","8":"product_cat-bureau","9":"product_cat-design","10":"product_cat-tabouret","11":"product_cat-wagner","13":"first","14":"outofstock","15":"taxable","16":"shipping-taxable","17":"product-type-variable","18":"rtwpvg-product"},"acf":[],"_links":{"self":[{"href":"https:\/\/www.topstar-werksverkauf.de\/fr\/wp-json\/wp\/v2\/product\/114702","targetHints":{"allow":["GET"]}}],"collection":[{"href":"https:\/\/www.topstar-werksverkauf.de\/fr\/wp-json\/wp\/v2\/product"}],"about":[{"href":"https:\/\/www.topstar-werksverkauf.de\/fr\/wp-json\/wp\/v2\/types\/product"}],"version-history":[{"count":1,"href":"https:\/\/www.topstar-werksverkauf.de\/fr\/wp-json\/wp\/v2\/product\/114702\/revisions"}],"predecessor-version":[{"id":114709,"href":"https:\/\/www.topstar-werksverkauf.de\/fr\/wp-json\/wp\/v2\/product\/114702\/revisions\/114709"}],"wp:featuredmedia":[{"embeddable":true,"href":"https:\/\/www.topstar-werksverkauf.de\/fr\/wp-json\/wp\/v2\/media\/11785"}],"wp:attachment":[{"href":"https:\/\/www.topstar-werksverkauf.de\/fr\/wp-json\/wp\/v2\/media?parent=114702"}],"wp:term":[{"taxonomy":"product_brand","embeddable":true,"href":"https:\/\/www.topstar-werksverkauf.de\/fr\/wp-json\/wp\/v2\/product_brand?post=114702"},{"taxonomy":"product_cat","embeddable":true,"href":"https:\/\/www.topstar-werksverkauf.de\/fr\/wp-json\/wp\/v2\/product_cat?post=114702"},{"taxonomy":"product_tag","embeddable":true,"href":"https:\/\/www.topstar-werksverkauf.de\/fr\/wp-json\/wp\/v2\/product_tag?post=114702"}],"curies":[{"name":"wp","href":"https:\/\/api.w.org\/{rel}","templated":true}]}}