{"id":115176,"date":"2026-03-17T02:28:55","date_gmt":"2026-03-17T01:28:55","guid":{"rendered":"https:\/\/www.topstar-werksverkauf.de\/p\/sitness-bob-sondermodell\/"},"modified":"2026-04-05T10:54:45","modified_gmt":"2026-04-05T08:54:45","slug":"sitness-bob-sondermodell","status":"publish","type":"product","link":"https:\/\/www.topstar-werksverkauf.de\/fr\/p\/sitness-bob-sondermodell\/","title":{"rendered":"Sitness Bob Sondermodell"},"content":{"rendered":"","protected":false},"excerpt":{"rendered":"<p>Une assise mobile \u00e0 360 degr\u00e9s diff\u00e9rente<\/p>\n","protected":false},"featured_media":12059,"template":"","meta":{"_acf_changed":false},"product_brand":[5699],"product_cat":[565,779,750,610],"product_tag":[],"class_list":{"0":"post-115176","1":"product","2":"type-product","3":"status-publish","4":"has-post-thumbnail","6":"product_brand-sitness","7":"product_cat-bureau","8":"product_cat-marken","9":"product_cat-sitness","10":"product_cat-tabouret","12":"first","13":"instock","14":"sale","15":"taxable","16":"shipping-taxable","17":"purchasable","18":"product-type-variable","19":"rtwpvg-product"},"acf":[],"_links":{"self":[{"href":"https:\/\/www.topstar-werksverkauf.de\/fr\/wp-json\/wp\/v2\/product\/115176","targetHints":{"allow":["GET"]}}],"collection":[{"href":"https:\/\/www.topstar-werksverkauf.de\/fr\/wp-json\/wp\/v2\/product"}],"about":[{"href":"https:\/\/www.topstar-werksverkauf.de\/fr\/wp-json\/wp\/v2\/types\/product"}],"version-history":[{"count":1,"href":"https:\/\/www.topstar-werksverkauf.de\/fr\/wp-json\/wp\/v2\/product\/115176\/revisions"}],"predecessor-version":[{"id":115185,"href":"https:\/\/www.topstar-werksverkauf.de\/fr\/wp-json\/wp\/v2\/product\/115176\/revisions\/115185"}],"wp:featuredmedia":[{"embeddable":true,"href":"https:\/\/www.topstar-werksverkauf.de\/fr\/wp-json\/wp\/v2\/media\/12059"}],"wp:attachment":[{"href":"https:\/\/www.topstar-werksverkauf.de\/fr\/wp-json\/wp\/v2\/media?parent=115176"}],"wp:term":[{"taxonomy":"product_brand","embeddable":true,"href":"https:\/\/www.topstar-werksverkauf.de\/fr\/wp-json\/wp\/v2\/product_brand?post=115176"},{"taxonomy":"product_cat","embeddable":true,"href":"https:\/\/www.topstar-werksverkauf.de\/fr\/wp-json\/wp\/v2\/product_cat?post=115176"},{"taxonomy":"product_tag","embeddable":true,"href":"https:\/\/www.topstar-werksverkauf.de\/fr\/wp-json\/wp\/v2\/product_tag?post=115176"}],"curies":[{"name":"wp","href":"https:\/\/api.w.org\/{rel}","templated":true}]}}