{"id":116160,"date":"2026-03-16T15:12:38","date_gmt":"2026-03-16T14:12:38","guid":{"rendered":"https:\/\/www.topstar-werksverkauf.de\/p\/tischgestell-smart-v2-elektrisch-hoehenverstellbar\/"},"modified":"2026-04-07T12:57:17","modified_gmt":"2026-04-07T10:57:17","slug":"pietement-de-table-smart-v2-a-reglage-electrique-de-la-hauteur","status":"publish","type":"product","link":"https:\/\/www.topstar-werksverkauf.de\/fr\/p\/pietement-de-table-smart-v2-a-reglage-electrique-de-la-hauteur\/","title":{"rendered":"Pi\u00e8tement de table Smart V2 \u00e0 r\u00e9glage \u00e9lectrique de la hauteur"},"content":{"rendered":"","protected":false},"excerpt":{"rendered":"<p>Grande plage de r\u00e9glage gr\u00e2ce aux pieds t\u00e9lescopiques<\/p>\n","protected":false},"featured_media":12560,"template":"","meta":{"_acf_changed":false},"product_brand":[7917,365],"product_cat":[565,779,614,612,780],"product_tag":[],"class_list":{"0":"post-116160","1":"product","2":"type-product","3":"status-publish","4":"has-post-thumbnail","6":"product_brand-topstar","8":"product_cat-bureau","9":"product_cat-marken","10":"product_cat-pietement-de-table","11":"product_cat-tables-reglables-electriquement","12":"product_cat-topstar","14":"first","15":"instock","16":"sale","17":"taxable","18":"shipping-taxable","19":"purchasable","20":"product-type-variable","21":"rtwpvg-product"},"acf":[],"_links":{"self":[{"href":"https:\/\/www.topstar-werksverkauf.de\/fr\/wp-json\/wp\/v2\/product\/116160","targetHints":{"allow":["GET"]}}],"collection":[{"href":"https:\/\/www.topstar-werksverkauf.de\/fr\/wp-json\/wp\/v2\/product"}],"about":[{"href":"https:\/\/www.topstar-werksverkauf.de\/fr\/wp-json\/wp\/v2\/types\/product"}],"version-history":[{"count":1,"href":"https:\/\/www.topstar-werksverkauf.de\/fr\/wp-json\/wp\/v2\/product\/116160\/revisions"}],"predecessor-version":[{"id":116167,"href":"https:\/\/www.topstar-werksverkauf.de\/fr\/wp-json\/wp\/v2\/product\/116160\/revisions\/116167"}],"wp:featuredmedia":[{"embeddable":true,"href":"https:\/\/www.topstar-werksverkauf.de\/fr\/wp-json\/wp\/v2\/media\/12560"}],"wp:attachment":[{"href":"https:\/\/www.topstar-werksverkauf.de\/fr\/wp-json\/wp\/v2\/media?parent=116160"}],"wp:term":[{"taxonomy":"product_brand","embeddable":true,"href":"https:\/\/www.topstar-werksverkauf.de\/fr\/wp-json\/wp\/v2\/product_brand?post=116160"},{"taxonomy":"product_cat","embeddable":true,"href":"https:\/\/www.topstar-werksverkauf.de\/fr\/wp-json\/wp\/v2\/product_cat?post=116160"},{"taxonomy":"product_tag","embeddable":true,"href":"https:\/\/www.topstar-werksverkauf.de\/fr\/wp-json\/wp\/v2\/product_tag?post=116160"}],"curies":[{"name":"wp","href":"https:\/\/api.w.org\/{rel}","templated":true}]}}