{"id":116263,"date":"2026-03-17T02:28:55","date_gmt":"2026-03-17T01:28:55","guid":{"rendered":"https:\/\/www.topstar-werksverkauf.de\/p\/topstar-open-art-junior-3d-sondermodell\/"},"modified":"2026-04-04T01:05:53","modified_gmt":"2026-04-03T23:05:53","slug":"topstar-open-art-junior-3d-edition-speciale","status":"publish","type":"product","link":"https:\/\/www.topstar-werksverkauf.de\/fr\/p\/topstar-open-art-junior-3d-edition-speciale\/","title":{"rendered":"Topstar Open Art Junior 3D \u00c9dition Sp\u00e9ciale"},"content":{"rendered":"","protected":false},"excerpt":{"rendered":"<p>Chaise pivotante \u00e9volutive pour enfants avec articulation 3D de l&rsquo;assise<\/p>\n","protected":false},"featured_media":12607,"template":"","meta":{"_acf_changed":false},"product_brand":[5699,7921],"product_cat":[615,602,2586,750],"product_tag":[],"class_list":{"0":"post-116263","1":"product","2":"type-product","3":"status-publish","4":"has-post-thumbnail","6":"product_brand-sitness","8":"product_cat-chaise-pivotante-pour-enfants","9":"product_cat-enfant","10":"product_cat-kinder-schreibtischstuhl","11":"product_cat-sitness","13":"first","14":"instock","15":"sale","16":"taxable","17":"shipping-taxable","18":"purchasable","19":"product-type-variable","20":"rtwpvg-product"},"acf":[],"_links":{"self":[{"href":"https:\/\/www.topstar-werksverkauf.de\/fr\/wp-json\/wp\/v2\/product\/116263","targetHints":{"allow":["GET"]}}],"collection":[{"href":"https:\/\/www.topstar-werksverkauf.de\/fr\/wp-json\/wp\/v2\/product"}],"about":[{"href":"https:\/\/www.topstar-werksverkauf.de\/fr\/wp-json\/wp\/v2\/types\/product"}],"version-history":[{"count":1,"href":"https:\/\/www.topstar-werksverkauf.de\/fr\/wp-json\/wp\/v2\/product\/116263\/revisions"}],"predecessor-version":[{"id":116270,"href":"https:\/\/www.topstar-werksverkauf.de\/fr\/wp-json\/wp\/v2\/product\/116263\/revisions\/116270"}],"wp:featuredmedia":[{"embeddable":true,"href":"https:\/\/www.topstar-werksverkauf.de\/fr\/wp-json\/wp\/v2\/media\/12607"}],"wp:attachment":[{"href":"https:\/\/www.topstar-werksverkauf.de\/fr\/wp-json\/wp\/v2\/media?parent=116263"}],"wp:term":[{"taxonomy":"product_brand","embeddable":true,"href":"https:\/\/www.topstar-werksverkauf.de\/fr\/wp-json\/wp\/v2\/product_brand?post=116263"},{"taxonomy":"product_cat","embeddable":true,"href":"https:\/\/www.topstar-werksverkauf.de\/fr\/wp-json\/wp\/v2\/product_cat?post=116263"},{"taxonomy":"product_tag","embeddable":true,"href":"https:\/\/www.topstar-werksverkauf.de\/fr\/wp-json\/wp\/v2\/product_tag?post=116263"}],"curies":[{"name":"wp","href":"https:\/\/api.w.org\/{rel}","templated":true}]}}