{"id":117217,"date":"2026-03-17T01:54:27","date_gmt":"2026-03-17T00:54:27","guid":{"rendered":"https:\/\/www.topstar-werksverkauf.de\/p\/wagner-pen30-outdoor\/"},"modified":"2026-04-15T16:17:05","modified_gmt":"2026-04-15T14:17:05","slug":"wagner-pen30-outdoor","status":"publish","type":"product","link":"https:\/\/www.topstar-werksverkauf.de\/fr\/p\/wagner-pen30-outdoor\/","title":{"rendered":"Wagner PEN30 Outdoor"},"content":{"rendered":"","protected":false},"excerpt":{"rendered":"<p>Chaise d&rsquo;ext\u00e9rieur \u00e9l\u00e9gante<\/p>\n","protected":false},"featured_media":13141,"template":"","meta":{"_acf_changed":false},"product_brand":[366,7919],"product_cat":[623,604,779,980],"product_tag":[],"class_list":{"0":"post-117217","1":"product","2":"type-product","3":"status-publish","4":"has-post-thumbnail","6":"product_brand-wagner","8":"product_cat-chaises-exterieur","9":"product_cat-habitat","10":"product_cat-marken","11":"product_cat-wagner","13":"first","14":"outofstock","15":"taxable","16":"shipping-taxable","17":"product-type-variable","18":"rtwpvg-product"},"acf":[],"_links":{"self":[{"href":"https:\/\/www.topstar-werksverkauf.de\/fr\/wp-json\/wp\/v2\/product\/117217","targetHints":{"allow":["GET"]}}],"collection":[{"href":"https:\/\/www.topstar-werksverkauf.de\/fr\/wp-json\/wp\/v2\/product"}],"about":[{"href":"https:\/\/www.topstar-werksverkauf.de\/fr\/wp-json\/wp\/v2\/types\/product"}],"version-history":[{"count":1,"href":"https:\/\/www.topstar-werksverkauf.de\/fr\/wp-json\/wp\/v2\/product\/117217\/revisions"}],"predecessor-version":[{"id":117223,"href":"https:\/\/www.topstar-werksverkauf.de\/fr\/wp-json\/wp\/v2\/product\/117217\/revisions\/117223"}],"wp:featuredmedia":[{"embeddable":true,"href":"https:\/\/www.topstar-werksverkauf.de\/fr\/wp-json\/wp\/v2\/media\/13141"}],"wp:attachment":[{"href":"https:\/\/www.topstar-werksverkauf.de\/fr\/wp-json\/wp\/v2\/media?parent=117217"}],"wp:term":[{"taxonomy":"product_brand","embeddable":true,"href":"https:\/\/www.topstar-werksverkauf.de\/fr\/wp-json\/wp\/v2\/product_brand?post=117217"},{"taxonomy":"product_cat","embeddable":true,"href":"https:\/\/www.topstar-werksverkauf.de\/fr\/wp-json\/wp\/v2\/product_cat?post=117217"},{"taxonomy":"product_tag","embeddable":true,"href":"https:\/\/www.topstar-werksverkauf.de\/fr\/wp-json\/wp\/v2\/product_tag?post=117217"}],"curies":[{"name":"wp","href":"https:\/\/api.w.org\/{rel}","templated":true}]}}