{"id":117305,"date":"2026-03-17T02:25:52","date_gmt":"2026-03-17T01:25:52","guid":{"rendered":"https:\/\/www.topstar-werksverkauf.de\/p\/kopfstuetze-fuer-x-pander-sitness-60\/"},"modified":"2026-04-05T12:35:51","modified_gmt":"2026-04-05T10:35:51","slug":"appui-tete-pour-x-pander-sitness-60","status":"publish","type":"product","link":"https:\/\/www.topstar-werksverkauf.de\/fr\/p\/appui-tete-pour-x-pander-sitness-60\/","title":{"rendered":"Appui-t\u00eate pour X-Pander \/ Sitness 60"},"content":{"rendered":"","protected":false},"excerpt":{"rendered":"<p>Appuie-t\u00eate pouvant \u00eatre install\u00e9 ult\u00e9rieurement<\/p>\n","protected":false},"featured_media":13209,"template":"","meta":{"_acf_changed":false},"product_brand":[5699,7921],"product_cat":[778,779,750],"product_tag":[],"class_list":{"0":"post-117305","1":"product","2":"type-product","3":"status-publish","4":"has-post-thumbnail","6":"product_brand-sitness","8":"product_cat-ersatzteile","9":"product_cat-marken","10":"product_cat-sitness","12":"first","13":"instock","14":"sale","15":"taxable","16":"shipping-taxable","17":"purchasable","18":"product-type-variable","19":"rtwpvg-product"},"acf":[],"_links":{"self":[{"href":"https:\/\/www.topstar-werksverkauf.de\/fr\/wp-json\/wp\/v2\/product\/117305","targetHints":{"allow":["GET"]}}],"collection":[{"href":"https:\/\/www.topstar-werksverkauf.de\/fr\/wp-json\/wp\/v2\/product"}],"about":[{"href":"https:\/\/www.topstar-werksverkauf.de\/fr\/wp-json\/wp\/v2\/types\/product"}],"version-history":[{"count":1,"href":"https:\/\/www.topstar-werksverkauf.de\/fr\/wp-json\/wp\/v2\/product\/117305\/revisions"}],"predecessor-version":[{"id":117309,"href":"https:\/\/www.topstar-werksverkauf.de\/fr\/wp-json\/wp\/v2\/product\/117305\/revisions\/117309"}],"wp:featuredmedia":[{"embeddable":true,"href":"https:\/\/www.topstar-werksverkauf.de\/fr\/wp-json\/wp\/v2\/media\/13209"}],"wp:attachment":[{"href":"https:\/\/www.topstar-werksverkauf.de\/fr\/wp-json\/wp\/v2\/media?parent=117305"}],"wp:term":[{"taxonomy":"product_brand","embeddable":true,"href":"https:\/\/www.topstar-werksverkauf.de\/fr\/wp-json\/wp\/v2\/product_brand?post=117305"},{"taxonomy":"product_cat","embeddable":true,"href":"https:\/\/www.topstar-werksverkauf.de\/fr\/wp-json\/wp\/v2\/product_cat?post=117305"},{"taxonomy":"product_tag","embeddable":true,"href":"https:\/\/www.topstar-werksverkauf.de\/fr\/wp-json\/wp\/v2\/product_tag?post=117305"}],"curies":[{"name":"wp","href":"https:\/\/api.w.org\/{rel}","templated":true}]}}